{"id":19321,"date":"2022-01-12T00:00:00","date_gmt":"2022-01-12T00:00:00","guid":{"rendered":"https:\/\/wholesale.md\/index.php\/produs\/hair-beauty-balm\/"},"modified":"2024-07-08T11:43:31","modified_gmt":"2024-07-08T11:43:31","slug":"hair-beauty-balm","status":"publish","type":"product","link":"https:\/\/wholesale.md\/ru\/product\/hair-beauty-balm\/","title":{"rendered":"HAIR BEAUTY BALM"},"content":{"rendered":"<p><b>Balsam de frumuse\u021be pentru netezirea p\u0103rului cu ulei de Macadamia \u0219i protec\u021bie termic\u0103 Baycusan\u00ae 100ml<\/b><\/p>\n<p><b>pH 4,5\u00a0<\/b><\/p>\n<p><span style=\"font-weight: 400;\">Balsam pentru \u00eendreptarea p\u0103rului, ce nu necesit\u0103 cl\u0103tire. Restaureaz\u0103, hidrateaz\u0103 \u0219i neteze\u0219te p\u0103rul. Te scap\u0103 de p\u0103rul pufos \u0219i-i ofer\u0103 o str\u0103lucire aparte. Posed\u0103 o protec\u021bie termic\u0103 de<\/span><b> 320\u00b0C<\/b><span style=\"font-weight: 400;\"> \u0219i un u\u0219or grad de fixare. Potrivit pentru aranjarea buclelor.<\/span><\/p>\n<p><b>\u0421\u043f\u043e\u0441\u043e\u0431 \u043f\u0440\u0438\u043c\u0435\u043d\u0435\u043d\u0438\u044f:<\/b><br \/>\n<b>1. <\/b><b>Crem\u0103 pentru protec\u021bia termic\u0103 \u0219i \u00eendreptarea p\u0103rului ondulat. <\/b>A se lua o cantitate mic\u0103 de crem\u0103 \u00een m\u00e2ini, a se \u00eenc\u0103lzi \u00een palme. A se aplica pe p\u0103rul umed, a se prelucra minu\u021bios pe toat\u0103 lungimea. A se usca cu feonul \u0219i a se \u00eendrepta cu placa pentru p\u0103r<strong>.<\/strong><\/p>\n<p><strong>2. <\/strong><b>Ca crem\u0103 antigel. <\/b>A se lua o cantitate mic\u0103 de crem\u0103 \u00een m\u00e2ini, a se \u00eenc\u0103lzi \u00een palme. A se aplica pe p\u0103rul uscat ca finalizare a coafurii, a se prelucra pe \u00eentreaga lungime, elimin\u00e2nd p\u0103rul pufos, structur\u00e2nd \u0219uvi\u021bele \u0219i buclele.<\/p>","protected":false},"excerpt":{"rendered":"<p>Balsam cu efect de netezire \u0219i \u00eendreptarea p\u0103rului<\/p>","protected":false},"featured_media":19323,"template":"","meta":[],"product_brand":[],"product_cat":[72],"product_tag":[],"class_list":{"0":"post-19321","1":"product","2":"type-product","3":"status-publish","4":"has-post-thumbnail","6":"product_cat-ingrijirea-parului","8":"first","9":"instock","10":"purchasable","11":"product-type-simple"},"jetpack_sharing_enabled":true,"_links":{"self":[{"href":"https:\/\/wholesale.md\/ru\/wp-json\/wp\/v2\/product\/19321","targetHints":{"allow":["GET"]}}],"collection":[{"href":"https:\/\/wholesale.md\/ru\/wp-json\/wp\/v2\/product"}],"about":[{"href":"https:\/\/wholesale.md\/ru\/wp-json\/wp\/v2\/types\/product"}],"version-history":[{"count":0,"href":"https:\/\/wholesale.md\/ru\/wp-json\/wp\/v2\/product\/19321\/revisions"}],"wp:featuredmedia":[{"embeddable":true,"href":"https:\/\/wholesale.md\/ru\/wp-json\/wp\/v2\/media\/19323"}],"wp:attachment":[{"href":"https:\/\/wholesale.md\/ru\/wp-json\/wp\/v2\/media?parent=19321"}],"wp:term":[{"taxonomy":"product_brand","embeddable":true,"href":"https:\/\/wholesale.md\/ru\/wp-json\/wp\/v2\/product_brand?post=19321"},{"taxonomy":"product_cat","embeddable":true,"href":"https:\/\/wholesale.md\/ru\/wp-json\/wp\/v2\/product_cat?post=19321"},{"taxonomy":"product_tag","embeddable":true,"href":"https:\/\/wholesale.md\/ru\/wp-json\/wp\/v2\/product_tag?post=19321"}],"curies":[{"name":"wp","href":"https:\/\/api.w.org\/{rel}","templated":true}]}}