{"id":19318,"date":"2022-01-12T00:00:00","date_gmt":"2022-01-12T00:00:00","guid":{"rendered":"https:\/\/wholesale.md\/index.php\/produs\/repair-hair-serum-with-argan-oil\/"},"modified":"2024-06-20T16:04:25","modified_gmt":"2024-06-20T16:04:25","slug":"repair-hair-serum-with-argan-oil","status":"publish","type":"product","link":"https:\/\/wholesale.md\/ru\/product\/repair-hair-serum-with-argan-oil\/","title":{"rendered":"REPAIR HAIR SERUM WITH ARGAN OIL"},"content":{"rendered":"<p><b>Ser pentru regenerarea p\u0103rului cu ulei de argan 50ml\u00a0<\/b><\/p>\n<p><span style=\"font-weight: 400;\">Restabile\u0219te \u0219i hidrateaz\u0103 p\u0103rul pe \u00eentreaga lungime, prevenind despicarea capetelor firelor de p\u0103r. Face p\u0103rul moale, ascult\u0103tor \u0219i m\u0103t\u0103sos. Filtrul UV ofer\u0103 protec\u021bie \u00eempotriva razelor solare \u0219i o protec\u021bie termic\u0103 a p\u0103rului p\u00e2n\u0103 la 180 \u00b0 C.<\/span><\/p>\n<p><b>Mod de aplicare:<\/b><br \/>\n<b>1. <\/b><b>Ca solu\u021bie de \u00eengrijire \u0219i protec\u021bie a p\u0103rului ce nu necesit\u0103 cl\u0103tire.<\/b> Se emulsioneaz\u0103 o cantitate mic\u0103 de ser \u00een m\u00e2ini. Se aplic\u0103 pe p\u0103rul umed, se distribuie cu aten\u021bie pe toat\u0103 lungimea, \u00eencep\u00e2nd de la capete. Se continu\u0103 cu coafarea.<\/p>\n<p><strong>2. <\/strong><b>Ca o not\u0103 final\u0103.<\/b> Se emulsioneaz\u0103 o cantitate mic\u0103 de ser \u00een m\u00e2ini \u0219i se \u00eenc\u0103lze\u0219te. Se aplic\u0103 pe p\u0103r, \u0219i se prelucreaz\u0103 bine pe toat\u0103 lungimea, \u00eencep\u00e2nd de la capete.<\/p>","protected":false},"excerpt":{"rendered":"<p>Ser cu efect de regenerare pentru p\u0103rul uscat, deteriorat \u0219i poros<\/p>","protected":false},"featured_media":19320,"template":"","meta":[],"product_brand":[],"product_cat":[72,1499],"product_tag":[],"class_list":{"0":"post-19318","1":"product","2":"type-product","3":"status-publish","4":"has-post-thumbnail","6":"product_cat-ingrijirea-parului","7":"product_cat-styling","9":"first","10":"instock","11":"purchasable","12":"product-type-simple"},"jetpack_sharing_enabled":true,"_links":{"self":[{"href":"https:\/\/wholesale.md\/ru\/wp-json\/wp\/v2\/product\/19318","targetHints":{"allow":["GET"]}}],"collection":[{"href":"https:\/\/wholesale.md\/ru\/wp-json\/wp\/v2\/product"}],"about":[{"href":"https:\/\/wholesale.md\/ru\/wp-json\/wp\/v2\/types\/product"}],"version-history":[{"count":0,"href":"https:\/\/wholesale.md\/ru\/wp-json\/wp\/v2\/product\/19318\/revisions"}],"wp:featuredmedia":[{"embeddable":true,"href":"https:\/\/wholesale.md\/ru\/wp-json\/wp\/v2\/media\/19320"}],"wp:attachment":[{"href":"https:\/\/wholesale.md\/ru\/wp-json\/wp\/v2\/media?parent=19318"}],"wp:term":[{"taxonomy":"product_brand","embeddable":true,"href":"https:\/\/wholesale.md\/ru\/wp-json\/wp\/v2\/product_brand?post=19318"},{"taxonomy":"product_cat","embeddable":true,"href":"https:\/\/wholesale.md\/ru\/wp-json\/wp\/v2\/product_cat?post=19318"},{"taxonomy":"product_tag","embeddable":true,"href":"https:\/\/wholesale.md\/ru\/wp-json\/wp\/v2\/product_tag?post=19318"}],"curies":[{"name":"wp","href":"https:\/\/api.w.org\/{rel}","templated":true}]}}