{"id":19312,"date":"2022-01-12T00:00:00","date_gmt":"2022-01-12T00:00:00","guid":{"rendered":"https:\/\/wholesale.md\/index.php\/produs\/gsp-t-complex\/"},"modified":"2024-07-08T11:43:54","modified_gmt":"2024-07-08T11:43:54","slug":"gsp-t-complex","status":"publish","type":"product","link":"https:\/\/wholesale.md\/ru\/product\/gsp-t-complex\/","title":{"rendered":"GSP-T COMPLEX"},"content":{"rendered":"<p><strong>Concentrat GSP-T\u00ae cu keratin\u0103, m\u0103tase, struguri \u0219i ulei de ricin 330ml<\/strong><\/p>\n<p><strong>pH 4.0<\/strong><\/p>\n<p>\u00cengrijire suplimentar\u0103, nelavabil\u0103. \u00cembun\u0103t\u0103\u021be\u0219te propriet\u0103\u021bile protectoare ale m\u0103\u0219tilor \u0219i balsamurilor de p\u0103r. Creeaz\u0103 o barier\u0103 de protec\u021bie care p\u0103streaz\u0103 culoarea \u0219i componentele nutritive \u00een structura p\u0103rului. Protejeaz\u0103 \u00eempotriva influen\u021belor fizice \u0219i chimice nocive externe. Puternic antioxidant \u0219i protec\u021bie puternic\u0103 contra razelor UV. Are efect antistatic, ofer\u0103 str\u0103lucire s\u0103n\u0103toas\u0103, ofer\u0103 moliciune \u0219i netezime. Neteze\u0219te p\u0103rul \u0219i u\u0219ureaz\u0103 aranjarea.<\/p>\n<p><strong>Mod de aplicare:<\/strong><br \/>\n<strong>1. <\/strong><strong>Ca amplificator \u0219i conductor<\/strong> al ingredientelor active care \u00eembun\u0103t\u0103\u021besc propriet\u0103\u021bile protectoare ale structurii p\u0103rului. A se ad\u0103uga 5 ml de concentrat la 30 ml de balsam de p\u0103r sau masc\u0103.<br \/>\n<strong>2. Ca solu\u021bie de \u00eengrijire nelavabil\u0103 al efectului de <\/strong><strong>laminare \u0219i \u00eendreptare.<\/strong>\u00a0Dup\u0103 aplicarea \u0219amponului \u0219i a\u00a0balsamului sau a m\u0103\u0219tii, a se aplica uniform pe toat\u0103 lungimea p\u0103rului umed. A se continua aranjarea cu un usc\u0103tor de p\u0103r cu aer cald (aerul fierbinte activeaz\u0103 fito-laminarea, ajut\u0103 la evaporarea umidit\u0103\u021bii \u0219i la fixarea procedurii).<\/p>","protected":false},"excerpt":{"rendered":"<p>Concentrat cu efect de protec\u021bie pentru p\u0103r<\/p>","protected":false},"featured_media":19314,"template":"","meta":[],"product_brand":[],"product_cat":[72,1499],"product_tag":[],"class_list":{"0":"post-19312","1":"product","2":"type-product","3":"status-publish","4":"has-post-thumbnail","6":"product_cat-ingrijirea-parului","7":"product_cat-styling","9":"first","10":"instock","11":"purchasable","12":"product-type-simple"},"jetpack_sharing_enabled":true,"_links":{"self":[{"href":"https:\/\/wholesale.md\/ru\/wp-json\/wp\/v2\/product\/19312","targetHints":{"allow":["GET"]}}],"collection":[{"href":"https:\/\/wholesale.md\/ru\/wp-json\/wp\/v2\/product"}],"about":[{"href":"https:\/\/wholesale.md\/ru\/wp-json\/wp\/v2\/types\/product"}],"version-history":[{"count":0,"href":"https:\/\/wholesale.md\/ru\/wp-json\/wp\/v2\/product\/19312\/revisions"}],"wp:featuredmedia":[{"embeddable":true,"href":"https:\/\/wholesale.md\/ru\/wp-json\/wp\/v2\/media\/19314"}],"wp:attachment":[{"href":"https:\/\/wholesale.md\/ru\/wp-json\/wp\/v2\/media?parent=19312"}],"wp:term":[{"taxonomy":"product_brand","embeddable":true,"href":"https:\/\/wholesale.md\/ru\/wp-json\/wp\/v2\/product_brand?post=19312"},{"taxonomy":"product_cat","embeddable":true,"href":"https:\/\/wholesale.md\/ru\/wp-json\/wp\/v2\/product_cat?post=19312"},{"taxonomy":"product_tag","embeddable":true,"href":"https:\/\/wholesale.md\/ru\/wp-json\/wp\/v2\/product_tag?post=19312"}],"curies":[{"name":"wp","href":"https:\/\/api.w.org\/{rel}","templated":true}]}}