{"id":19309,"date":"2022-01-12T00:00:00","date_gmt":"2022-01-12T00:00:00","guid":{"rendered":"https:\/\/wholesale.md\/index.php\/produs\/restructure-shampoo-2\/"},"modified":"2024-06-20T16:08:01","modified_gmt":"2024-06-20T16:08:01","slug":"restructure-shampoo-2","status":"publish","type":"product","link":"https:\/\/wholesale.md\/ru\/product\/restructure-shampoo-2\/","title":{"rendered":"RESTRUCTURE SHAMPOO"},"content":{"rendered":"<p>Sampon restructurant cu cheratina 970ml<\/p>\n<p>pH 5,5<\/p>\n<p>\u0218ampon foarte moale \u0219i versatil pentru densitate \u0219i volum. Potrivit pentru utilizare zilnic\u0103 \u0219i pentru copii peste 4 ani. Nu \u00eengreuneaz\u0103 p\u0103rul. Extinde efectul oric\u0103ror proceduri profesionale. Curata delicat fara a deschide cuticulele parului. Potrivit pentru scalpul uscat \u0219i sensibil. Restabile\u0219te structura molecular\u0103 a proteinei p\u0103rului, o satureaz\u0103 cu cheratina.<\/p>","protected":false},"excerpt":{"rendered":"<p>Sampon restructurant cu cheratina 970ml<\/p>\n<p>&nbsp;<\/p>\n<p>&nbsp;<\/p>\n<p>&nbsp;<\/p>","protected":false},"featured_media":19311,"template":"","meta":[],"product_brand":[],"product_cat":[72,1496],"product_tag":[],"class_list":{"0":"post-19309","1":"product","2":"type-product","3":"status-publish","4":"has-post-thumbnail","6":"product_cat-ingrijirea-parului","7":"product_cat-sampoane","9":"first","10":"instock","11":"purchasable","12":"product-type-simple"},"jetpack_sharing_enabled":true,"_links":{"self":[{"href":"https:\/\/wholesale.md\/ru\/wp-json\/wp\/v2\/product\/19309","targetHints":{"allow":["GET"]}}],"collection":[{"href":"https:\/\/wholesale.md\/ru\/wp-json\/wp\/v2\/product"}],"about":[{"href":"https:\/\/wholesale.md\/ru\/wp-json\/wp\/v2\/types\/product"}],"version-history":[{"count":0,"href":"https:\/\/wholesale.md\/ru\/wp-json\/wp\/v2\/product\/19309\/revisions"}],"wp:featuredmedia":[{"embeddable":true,"href":"https:\/\/wholesale.md\/ru\/wp-json\/wp\/v2\/media\/19311"}],"wp:attachment":[{"href":"https:\/\/wholesale.md\/ru\/wp-json\/wp\/v2\/media?parent=19309"}],"wp:term":[{"taxonomy":"product_brand","embeddable":true,"href":"https:\/\/wholesale.md\/ru\/wp-json\/wp\/v2\/product_brand?post=19309"},{"taxonomy":"product_cat","embeddable":true,"href":"https:\/\/wholesale.md\/ru\/wp-json\/wp\/v2\/product_cat?post=19309"},{"taxonomy":"product_tag","embeddable":true,"href":"https:\/\/wholesale.md\/ru\/wp-json\/wp\/v2\/product_tag?post=19309"}],"curies":[{"name":"wp","href":"https:\/\/api.w.org\/{rel}","templated":true}]}}