{"id":19300,"date":"2022-01-12T00:00:00","date_gmt":"2022-01-12T00:00:00","guid":{"rendered":"https:\/\/wholesale.md\/index.php\/produs\/hair-care-cream\/"},"modified":"2024-06-19T16:49:33","modified_gmt":"2024-06-19T16:49:33","slug":"hair-care-cream","status":"publish","type":"product","link":"https:\/\/wholesale.md\/ru\/product\/hair-care-cream\/","title":{"rendered":"HAIR CARE CREAM"},"content":{"rendered":"<p><b>Crem\u0103 pentru fixarea p\u0103rului cu keratin\u0103 \u0219i ulei de cocos 100ml\u00a0<\/b><\/p>\n<p><b>pH 4,5<\/b><\/p>\n<p><span style=\"font-weight: 400;\">Crem\u0103 de \u00eengrijire pentru fiecare zi ce nu necesit\u0103 cl\u0103tire. Fixeaz\u0103 \u0219i restabile\u0219te p\u0103rul \u00een momentul coaf\u0103rii termice. \u00cen mod ideal hidrateaz\u0103 \u0219i mascheaz\u0103 capetele pufoase, uscate, poroase \u0219i despicate. Posed\u0103 un grad mediu de fixare. Potrivit at\u00e2t pentru p\u0103rul ondulat c\u00e2t \u0219i cel drept.<\/span><\/p>\n<p><b>\u0421\u043f\u043e\u0441\u043e\u0431 \u043f\u0440\u0438\u043c\u0435\u043d\u0435\u043d\u0438\u044f:<\/b><\/p>\n<p><b>1. <\/b><b>Pentru p\u0103rul ondulat. <\/b>Crem\u0103 pentru coafarea p\u0103rului \u0219i restabilirea proteinei de keratin\u0103 \u00een structura p\u0103rului. Ideal pentru definire. A se lua o cantitate mic\u0103 de crem\u0103, a se \u00eenc\u0103lzi \u00een palme. A se aplica pe p\u0103rul uscat, a se prelucra cu m\u00e2inile. Forma\u021bi bucle la dorin\u021b\u0103.<\/p>\n<p><strong>2. <\/strong><b>Pentru camuflarea capetelor care necesit\u0103 scurtate,<\/b> nutri\u021bie, \u00eendep\u0103rtarea staticii \u0219i restaurarea p\u0103rului. A se lua o cantitate mic\u0103 de crem\u0103 \u00een m\u00e2ini, a se \u00eenc\u0103lzi\u021bi \u00een palme. A se aplica pe p\u0103rul uscat, a se prelucra bine \u0219i a se netezi capetele. A asigura \u00eentinderea p\u0103rului pe perie cu un usc\u0103tor de p\u0103r, sau a se \u00eendrepta cu placa.<\/p>\n<p><b>Ingredients : <\/b><span style=\"font-weight: 400;\">AQUA, VP\/VA, COPOLYMER, ISOPROPYL MYRISTATE, GLYCERYL STEARATE SE, GLYCERIN, PHENYL TRIMETHICONE, GLYCOL STEARATE SE, CYCLOPENTASILOXANE, DIMETHICONOL, CETEARYL. ALCOHOL, COCOS-NUCIFERA SEED BUTTER, AMODIMETHICONE, TRIDECETH-12, CETRIMONIUM CHLORIDE, HYDRO-LYZED KERATIN, CARBOMER, TRIETHANOLAMINE, PHENOXYETHANOL, ETHYLHEXYLGLYCERIN, PAR-FUM, HEXYL CINNAMAL, HYDROXYCITRONELLAL, BENZYL SALICYLATE, D-LIMONENE, LINALOOL.<\/span><\/p>","protected":false},"excerpt":{"rendered":"<p>Crem\u0103 pentru fixarea \u0219i restabilirea p\u0103rului cu keratin\u0103<\/p>","protected":false},"featured_media":19302,"template":"","meta":[],"product_brand":[],"product_cat":[72],"product_tag":[],"class_list":{"0":"post-19300","1":"product","2":"type-product","3":"status-publish","4":"has-post-thumbnail","6":"product_cat-ingrijirea-parului","8":"first","9":"instock","10":"purchasable","11":"product-type-simple"},"jetpack_sharing_enabled":true,"_links":{"self":[{"href":"https:\/\/wholesale.md\/ru\/wp-json\/wp\/v2\/product\/19300","targetHints":{"allow":["GET"]}}],"collection":[{"href":"https:\/\/wholesale.md\/ru\/wp-json\/wp\/v2\/product"}],"about":[{"href":"https:\/\/wholesale.md\/ru\/wp-json\/wp\/v2\/types\/product"}],"version-history":[{"count":0,"href":"https:\/\/wholesale.md\/ru\/wp-json\/wp\/v2\/product\/19300\/revisions"}],"wp:featuredmedia":[{"embeddable":true,"href":"https:\/\/wholesale.md\/ru\/wp-json\/wp\/v2\/media\/19302"}],"wp:attachment":[{"href":"https:\/\/wholesale.md\/ru\/wp-json\/wp\/v2\/media?parent=19300"}],"wp:term":[{"taxonomy":"product_brand","embeddable":true,"href":"https:\/\/wholesale.md\/ru\/wp-json\/wp\/v2\/product_brand?post=19300"},{"taxonomy":"product_cat","embeddable":true,"href":"https:\/\/wholesale.md\/ru\/wp-json\/wp\/v2\/product_cat?post=19300"},{"taxonomy":"product_tag","embeddable":true,"href":"https:\/\/wholesale.md\/ru\/wp-json\/wp\/v2\/product_tag?post=19300"}],"curies":[{"name":"wp","href":"https:\/\/api.w.org\/{rel}","templated":true}]}}