{"id":19297,"date":"2022-01-12T00:00:00","date_gmt":"2022-01-12T00:00:00","guid":{"rendered":"https:\/\/wholesale.md\/index.php\/produs\/hair-styling-spray\/"},"modified":"2024-07-08T11:50:42","modified_gmt":"2024-07-08T11:50:42","slug":"hair-styling-spray","status":"publish","type":"product","link":"https:\/\/wholesale.md\/ru\/product\/hair-styling-spray\/","title":{"rendered":"HAIR STYLING SPRAY"},"content":{"rendered":"<p><b>Spray de protec\u021bie termic\u0103 pentru volumul r\u0103d\u0103cinii \u0219i texturizarea p\u0103rului cu pantenol \u0219i ulei de ricin pentru fixare medie 200ml\u00a0<\/b><\/p>\n<p><b>pH 4,0\u00a0<\/b><\/p>\n<p><span style=\"font-weight: 400;\">Proiectat pentru stilizarea termic\u0103 de orice fel, texturizarea, crearea de coafuri la difuzor, usc\u0103tor de p\u0103r, perie, bigudiuri, ondulatoare, plac\u0103 de \u00eendreptat sau f\u0103cut p\u0103rul bucle, etc. Nu lipe\u0219te p\u0103rul. Posed\u0103 protec\u021bie termic\u0103 \u0219i efect de condi\u021bionare, masc\u00e2nd p\u0103rul deteriorat. Are un grad puternic de fixare termoactiv\u0103 (4 din 5) &#8211; va permite crearea volumului pe orice lungime \u0219i textur\u0103 a p\u0103rului.<\/span><\/p>\n<p><b>Mod de aplicare:<\/b><\/p>\n<ol>\n<li style=\"list-style-type: none;\">\n<ol>\n<li><b> Ca spray pentru volumul r\u0103d\u0103cinilor.<\/b><span style=\"font-weight: 400;\"> A se aplica pe zona de r\u0103d\u0103cin\u0103 pe p\u0103rul umed. A se aranja p\u0103rul.<\/span><\/li>\n<li><b> Ca spray pentru texturizare.<\/b><span style=\"font-weight: 400;\"> A se aplica pe p\u0103rul uscat sau umed. A se prelucra cu m\u00e2inile, a se aranja la difuzor sau utiliz\u00e2nd instrumente fierbin\u021bi.<\/span><\/li>\n<\/ol>\n<\/li>\n<\/ol>\n<ol>\n<li style=\"list-style-type: none;\"><\/li>\n<\/ol>\n<p><b>Ingredients : <\/b><span style=\"font-weight: 400;\">AQUA, ALCOHOL DENAT., VP\/A COPOLYMER, PEG-40 HYDROGENATED, CASTOR OIL, POLYURETHANE-48, GLYCERIN, PANTHENOL, TETRASODIUM EDTA, PHENOXYETHANOL, ETHYLHEXYLGLYCERIN, PARFUM, <\/span><span style=\"font-weight: 400;\">HEXYL CINNAMAL, HYDROXYCITRONELLAL, BENZYL SALICYLATE, D-LIMONENE, LINALOOL<\/span><\/p>","protected":false},"excerpt":{"rendered":"<p>Spray cu efect de protec\u021bie termic\u0103 \u0219i pentru volum a r\u0103d\u0103cinilor<\/p>","protected":false},"featured_media":19299,"template":"","meta":[],"product_brand":[],"product_cat":[72,1499],"product_tag":[],"class_list":{"0":"post-19297","1":"product","2":"type-product","3":"status-publish","4":"has-post-thumbnail","6":"product_cat-ingrijirea-parului","7":"product_cat-styling","9":"first","10":"instock","11":"purchasable","12":"product-type-simple"},"jetpack_sharing_enabled":true,"_links":{"self":[{"href":"https:\/\/wholesale.md\/ru\/wp-json\/wp\/v2\/product\/19297","targetHints":{"allow":["GET"]}}],"collection":[{"href":"https:\/\/wholesale.md\/ru\/wp-json\/wp\/v2\/product"}],"about":[{"href":"https:\/\/wholesale.md\/ru\/wp-json\/wp\/v2\/types\/product"}],"version-history":[{"count":0,"href":"https:\/\/wholesale.md\/ru\/wp-json\/wp\/v2\/product\/19297\/revisions"}],"wp:featuredmedia":[{"embeddable":true,"href":"https:\/\/wholesale.md\/ru\/wp-json\/wp\/v2\/media\/19299"}],"wp:attachment":[{"href":"https:\/\/wholesale.md\/ru\/wp-json\/wp\/v2\/media?parent=19297"}],"wp:term":[{"taxonomy":"product_brand","embeddable":true,"href":"https:\/\/wholesale.md\/ru\/wp-json\/wp\/v2\/product_brand?post=19297"},{"taxonomy":"product_cat","embeddable":true,"href":"https:\/\/wholesale.md\/ru\/wp-json\/wp\/v2\/product_cat?post=19297"},{"taxonomy":"product_tag","embeddable":true,"href":"https:\/\/wholesale.md\/ru\/wp-json\/wp\/v2\/product_tag?post=19297"}],"curies":[{"name":"wp","href":"https:\/\/api.w.org\/{rel}","templated":true}]}}