{"id":19294,"date":"2022-01-12T00:00:00","date_gmt":"2022-01-12T00:00:00","guid":{"rendered":"https:\/\/wholesale.md\/index.php\/produs\/bilberry-hair-spray\/"},"modified":"2024-06-19T16:51:01","modified_gmt":"2024-06-19T16:51:01","slug":"bilberry-hair-spray","status":"publish","type":"product","link":"https:\/\/wholesale.md\/ru\/product\/bilberry-hair-spray\/","title":{"rendered":"BILBERRY HAIR SPRAY"},"content":{"rendered":"<p><b>Spray pentru protec\u021bia p\u0103rului la temperaturi de p\u00e2n\u0103 la 320 \u00b0C cu afine, ulei de ricin \u0219i Baycusan\u00ae 200ml\u00a0<\/b><\/p>\n<p><b>pH 4,0\u00a0<\/b><\/p>\n<p><span style=\"font-weight: 400;\">\u00cenchide \u0219i neteze\u0219te foliculii, hidrateaz\u0103 p\u0103rul, f\u0103c\u00e2ndu-l moale \u0219i neted. Faciliteaz\u0103 piept\u0103narea p\u0103rului \u0219i \u00eei ofer\u0103 o str\u0103lucire aparte. Previne absorb\u021bia mirosurilor \u0219i este un parfum pentru p\u0103r. Extinde rezisten\u021ba culorilor \u0219i tratamentelor profesionale pentru \u00eengrijirea p\u0103rului. Are o protec\u021bie termic\u0103 de 320\u00b0C, <\/span><b>filtrul UV<\/b><span style=\"font-weight: 400;\"> protejeaz\u0103 p\u0103rul de ardere \u0219i decolorare. \u00cenl\u0103tur\u0103 statica, \u00eempiedic\u00e2nd electrizarea p\u0103rului. Are efecte anti-\u00eemb\u0103tr\u00e2nire \u0219i de antioxidant.<\/span><\/p>\n<p><b>\u0421\u043f\u043e\u0441\u043e\u0431 \u043f\u0440\u0438\u043c\u0435\u043d\u0435\u043d\u0438\u044f:\u00a0<\/b><\/p>\n<ol>\n<li style=\"list-style-type: none;\">\n<ol>\n<li><b> Ca spray de protec\u021bie termic\u0103 <\/b><span style=\"font-weight: 400;\">pentru preg\u0103tirea p\u0103rului pentru coafare. A se aplica pe p\u0103rul umed pe toat\u0103 lungimea \u0219i a se continua aranjarea.<\/span><\/li>\n<li><b> Ca ap\u0103 termal\u0103 pentru hidratare, <\/b><span style=\"font-weight: 400;\">eliminarea staticii \u0219i \u00een calitate de parfum pentru p\u0103r. A se aplica pe p\u0103rul uscat dup\u0103 coafare sau pe tot parcursul zilei.<\/span><\/li>\n<\/ol>\n<\/li>\n<\/ol>\n<p><b>Ingredients : <\/b><span style=\"font-weight: 400;\">AQUA, GLYCERIN, POLYURETHANE 48, PEG &#8211; 8, VACCINIUM <\/span><span style=\"font-weight: 400;\">MYRTILLUS LEAF EXTRACT, DIAZOLIDINYL, UREA., SILICONE QUATERNIUM 20. BENZOPHENONE-4, <\/span><span style=\"font-weight: 400;\">PEG-40 HYDROGENATED CASTOR OIL, TRIDECETH-9, AMODIMETHICONE, C 11-15 PARETH-7, <\/span><span style=\"font-weight: 400;\">LAURETH-9, TRIDECETH-12, PHENOXYETHANOL, ETHYLHEXYLGLYCERIN, PARFUM, BENZYL ALCOHOL, BENZYL BENZOATE<\/span><\/p>","protected":false},"excerpt":{"rendered":"<p>Spray cu efect de protec\u021bie termic\u0103 a p\u0103rului de 320 \u00b0 C<\/p>","protected":false},"featured_media":19296,"template":"","meta":[],"product_brand":[],"product_cat":[72,1499],"product_tag":[],"class_list":{"0":"post-19294","1":"product","2":"type-product","3":"status-publish","4":"has-post-thumbnail","6":"product_cat-ingrijirea-parului","7":"product_cat-styling","9":"first","10":"instock","11":"purchasable","12":"product-type-simple"},"jetpack_sharing_enabled":true,"_links":{"self":[{"href":"https:\/\/wholesale.md\/ru\/wp-json\/wp\/v2\/product\/19294","targetHints":{"allow":["GET"]}}],"collection":[{"href":"https:\/\/wholesale.md\/ru\/wp-json\/wp\/v2\/product"}],"about":[{"href":"https:\/\/wholesale.md\/ru\/wp-json\/wp\/v2\/types\/product"}],"version-history":[{"count":0,"href":"https:\/\/wholesale.md\/ru\/wp-json\/wp\/v2\/product\/19294\/revisions"}],"wp:featuredmedia":[{"embeddable":true,"href":"https:\/\/wholesale.md\/ru\/wp-json\/wp\/v2\/media\/19296"}],"wp:attachment":[{"href":"https:\/\/wholesale.md\/ru\/wp-json\/wp\/v2\/media?parent=19294"}],"wp:term":[{"taxonomy":"product_brand","embeddable":true,"href":"https:\/\/wholesale.md\/ru\/wp-json\/wp\/v2\/product_brand?post=19294"},{"taxonomy":"product_cat","embeddable":true,"href":"https:\/\/wholesale.md\/ru\/wp-json\/wp\/v2\/product_cat?post=19294"},{"taxonomy":"product_tag","embeddable":true,"href":"https:\/\/wholesale.md\/ru\/wp-json\/wp\/v2\/product_tag?post=19294"}],"curies":[{"name":"wp","href":"https:\/\/api.w.org\/{rel}","templated":true}]}}