{"id":19291,"date":"2022-01-12T00:00:00","date_gmt":"2022-01-12T00:00:00","guid":{"rendered":"https:\/\/wholesale.md\/index.php\/produs\/thermal-cream\/"},"modified":"2024-06-20T16:02:24","modified_gmt":"2024-06-20T16:02:24","slug":"thermal-cream","status":"publish","type":"product","link":"https:\/\/wholesale.md\/ru\/product\/thermal-cream\/","title":{"rendered":"THERMAL CREAM"},"content":{"rendered":"<p><b>Crem\u0103 pentru restructurare termic\u0103 cu keratin\u0103 200ml<\/b><\/p>\n<p><b>pH 7,5\u00a0<\/b><\/p>\n<p><b>DOAR PENTRU SALOANELE DE \u00ceNFRUMUSE\u021aARE<\/b><\/p>\n<p><span style=\"font-weight: 400;\">Cu ajutorul proteinei de keratin\u0103 se reconstruie\u0219te p\u0103rul deteriorat, poros \u0219i uscat. Produsul este potrivit at\u00e2t pentru p\u0103rul vopsit, c\u00e2t \u0219i pentru cel natural. Asigur\u0103 densitate p\u0103rului, \u00eei m\u0103re\u0219te masa \u0219i capacitatea de a p\u0103stra coafura. Neteze\u0219te foliculii \u0219i ofer\u0103 o str\u0103lucire excelent\u0103 p\u0103rului. Rezultatul se men\u021bine de la 2 s\u0103pt\u0103m\u00e2ni p\u00e2n\u0103 la 2 luni.<\/span><\/p>\n<p><b>\u0421\u043f\u043e\u0441\u043e\u0431 \u043f\u0440\u0438\u043c\u0435\u043d\u0435\u043d\u0438\u044f:\u00a0<\/b><\/p>\n<ol>\n<li style=\"list-style-type: none;\">\n<ol>\n<li><b> <\/b><b>KERACOLOR.\u00a0 <\/b><span style=\"font-weight: 400;\">Se aplic\u0103 amestecul <\/span><b>SPA CREAM COLOR<\/b><span style=\"font-weight: 400;\"> (1 parte) +<\/span><b> Crem\u0103-oxidant 6% <\/b><span style=\"font-weight: 400;\">(1 parte) +<\/span><b> KERATIN THERMAL CARE HAIR CREAM <\/b><span style=\"font-weight: 400;\">(1 parte). Se recomand\u0103 ca colorantul s\u0103 fie utilizat cu 0,5-1 ton mai \u00eenchis.\u00a0<\/span><\/li>\n<li><b> KERATHERMIA<\/b><span style=\"font-weight: 400;\">. Pe p\u0103rul preg\u0103tit, umed, cur\u0103\u021bat se aplic\u0103 <\/span><b>KERATIN THERMAL CARE HAIR CREAM<\/b><span style=\"font-weight: 400;\"> \u0219i se las\u0103 sub influen\u021ba temperaturii timp de 20 de minute. F\u0103r\u0103 s\u0103 fie sp\u0103lat, se aplic\u0103 <\/span><b>KERATIN RESTRUCTURE HAIR MASK<\/b><span style=\"font-weight: 400;\">, se emulsioneaz\u0103 \u0219i se l\u0103sa timp de 5 minute. Se spal\u0103 cu ap\u0103 rece \u0219i se usuc\u0103 utiliz\u00e2nd produse cu protec\u021bie termic\u0103. Se finalizeaz\u0103 procedura cu placa la temperatura de 320 \u00b0C.<\/span><\/li>\n<\/ol>\n<\/li>\n<\/ol>\n<p><b>* <\/b><span style=\"font-weight: 400;\">\u00a0<\/span><span style=\"font-weight: 400;\">Recomand\u0103ri: Pentru uz casnic, se utilizeaz\u0103 exclusiv \u0219amponul \u0219i balsamul (masca) <\/span><b>KERATIN<\/b><span style=\"font-weight: 400;\">. Men\u021binerea procedurii depinde de frecven\u021ba sp\u0103l\u0103rii p\u0103rului.<\/span><\/p>","protected":false},"excerpt":{"rendered":"<p>Crem\u0103 pentru restructurare termic\u0103 cu keratin\u0103<\/p>","protected":false},"featured_media":19293,"template":"","meta":[],"product_brand":[],"product_cat":[72],"product_tag":[],"class_list":{"0":"post-19291","1":"product","2":"type-product","3":"status-publish","4":"has-post-thumbnail","6":"product_cat-ingrijirea-parului","8":"first","9":"instock","10":"purchasable","11":"product-type-simple"},"jetpack_sharing_enabled":true,"_links":{"self":[{"href":"https:\/\/wholesale.md\/ru\/wp-json\/wp\/v2\/product\/19291","targetHints":{"allow":["GET"]}}],"collection":[{"href":"https:\/\/wholesale.md\/ru\/wp-json\/wp\/v2\/product"}],"about":[{"href":"https:\/\/wholesale.md\/ru\/wp-json\/wp\/v2\/types\/product"}],"version-history":[{"count":0,"href":"https:\/\/wholesale.md\/ru\/wp-json\/wp\/v2\/product\/19291\/revisions"}],"wp:featuredmedia":[{"embeddable":true,"href":"https:\/\/wholesale.md\/ru\/wp-json\/wp\/v2\/media\/19293"}],"wp:attachment":[{"href":"https:\/\/wholesale.md\/ru\/wp-json\/wp\/v2\/media?parent=19291"}],"wp:term":[{"taxonomy":"product_brand","embeddable":true,"href":"https:\/\/wholesale.md\/ru\/wp-json\/wp\/v2\/product_brand?post=19291"},{"taxonomy":"product_cat","embeddable":true,"href":"https:\/\/wholesale.md\/ru\/wp-json\/wp\/v2\/product_cat?post=19291"},{"taxonomy":"product_tag","embeddable":true,"href":"https:\/\/wholesale.md\/ru\/wp-json\/wp\/v2\/product_tag?post=19291"}],"curies":[{"name":"wp","href":"https:\/\/api.w.org\/{rel}","templated":true}]}}