{"id":19282,"date":"2022-01-12T00:00:00","date_gmt":"2022-01-12T00:00:00","guid":{"rendered":"https:\/\/wholesale.md\/index.php\/produs\/hair-constructor\/"},"modified":"2024-06-19T16:48:53","modified_gmt":"2024-06-19T16:48:53","slug":"hair-constructor","status":"publish","type":"product","link":"https:\/\/wholesale.md\/ru\/product\/hair-constructor\/","title":{"rendered":"HAIR CONSTRUCTOR"},"content":{"rendered":"<p><b>Constructor pentru p\u0103r de keratin\u0103 3 \u00een 1 150ml\u00a0<\/b><\/p>\n<p><span style=\"font-weight: 400;\">Styling pentru fixarea natural\u0103 \u0219i\u00a0 puternic\u0103 a p\u0103rului cu efect de memorie. Permite p\u0103strarea aranj\u0103rii chiar \u0219i pe cel mai \u201dneascult\u0103tor\u201d p\u0103r, p\u00e2n\u0103 la urm\u0103toarea sp\u0103lare.<\/span><\/p>\n<p><b>Caracteristici :<\/b><\/p>\n<p><span style=\"font-weight: 400;\">Se activeaz\u0103 atunci c\u00e2nd sunt utilizate instrumente termice (plac\u0103, ondulatoare termice pentru p\u0103r, feon etc.). Datorit\u0103 con\u021binutului ridicat de proteine de keratin\u0103 din produs, se restabile\u0219te densitatea structurii p\u0103rului cu fiecare utilizare a constructorului, ceea ce \u00eembun\u0103t\u0103\u021be\u0219te calitatea \u0219i spore\u0219te men\u021binerea coafurii.<\/span><\/p>\n<p><b>Indica\u021bii de utilizare :<\/b><\/p>\n<p><span style=\"font-weight: 400;\">Pentru p\u0103rul sub\u021bire, neascult\u0103tor, lipsit de volum at\u00e2t \u00een zona r\u0103d\u0103cinii, c\u00e2t \u0219i \u00een lungime. Pentru coafuri de sear\u0103 de rezisten\u021b\u0103. Se aplic\u0103 pe orice tip de p\u0103r.<\/span><\/p>\n<p><b>\u0421\u043f\u043e\u0441\u043e\u0431 \u043f\u0440\u0438\u043c\u0435\u043d\u0435\u043d\u0438\u044f:<\/b><\/p>\n<p><span style=\"font-weight: 400;\">A se aplica o cantitate mic\u0103 de constructor pentru p\u0103r pe zona de r\u0103d\u0103cin\u0103 \u0219i pe toat\u0103 lungimea p\u0103rului. A se piept\u0103na pentru o distribu\u021bie uniform\u0103 \u0219i a se continua cu uscarea p\u0103rului. A se aplica produsul termoprotector cu ajutorul instrumentelor termice.<\/span><\/p>","protected":false},"excerpt":{"rendered":"<p>Constructor cu efect de fixare puternic\u0103 a p\u0103rului cu keratin\u0103<\/p>","protected":false},"featured_media":19284,"template":"","meta":[],"product_brand":[],"product_cat":[72,1499],"product_tag":[],"class_list":{"0":"post-19282","1":"product","2":"type-product","3":"status-publish","4":"has-post-thumbnail","6":"product_cat-ingrijirea-parului","7":"product_cat-styling","9":"first","10":"instock","11":"purchasable","12":"product-type-simple"},"jetpack_sharing_enabled":true,"_links":{"self":[{"href":"https:\/\/wholesale.md\/ru\/wp-json\/wp\/v2\/product\/19282","targetHints":{"allow":["GET"]}}],"collection":[{"href":"https:\/\/wholesale.md\/ru\/wp-json\/wp\/v2\/product"}],"about":[{"href":"https:\/\/wholesale.md\/ru\/wp-json\/wp\/v2\/types\/product"}],"version-history":[{"count":0,"href":"https:\/\/wholesale.md\/ru\/wp-json\/wp\/v2\/product\/19282\/revisions"}],"wp:featuredmedia":[{"embeddable":true,"href":"https:\/\/wholesale.md\/ru\/wp-json\/wp\/v2\/media\/19284"}],"wp:attachment":[{"href":"https:\/\/wholesale.md\/ru\/wp-json\/wp\/v2\/media?parent=19282"}],"wp:term":[{"taxonomy":"product_brand","embeddable":true,"href":"https:\/\/wholesale.md\/ru\/wp-json\/wp\/v2\/product_brand?post=19282"},{"taxonomy":"product_cat","embeddable":true,"href":"https:\/\/wholesale.md\/ru\/wp-json\/wp\/v2\/product_cat?post=19282"},{"taxonomy":"product_tag","embeddable":true,"href":"https:\/\/wholesale.md\/ru\/wp-json\/wp\/v2\/product_tag?post=19282"}],"curies":[{"name":"wp","href":"https:\/\/api.w.org\/{rel}","templated":true}]}}