{"id":19279,"date":"2022-01-12T00:00:00","date_gmt":"2022-01-12T00:00:00","guid":{"rendered":"https:\/\/wholesale.md\/index.php\/produs\/restructure-hair-conditioner\/"},"modified":"2024-06-19T16:48:13","modified_gmt":"2024-06-19T16:48:13","slug":"restructure-hair-conditioner","status":"publish","type":"product","link":"https:\/\/wholesale.md\/ru\/product\/restructure-hair-conditioner\/","title":{"rendered":"RESTRUCTURE HAIR CONDITIONER"},"content":{"rendered":"<p><b>Balsam de restructurare cu keratin\u0103 970ml<\/b><\/p>\n<p><b>pH 4,0<\/b><\/p>\n<p><span style=\"font-weight: 400;\">Un balsam universal cu o textur\u0103 moale. Umple zonele deteriorate ale p\u0103rului cu keratin\u0103 natural\u0103, condenseaz\u0103 p\u0103rul, asigur\u0103 volum. Nu \u00eengreuneaz\u0103 p\u0103rul, dar are un efect cumulativ. Balsamul nu se spal\u0103 complet pentru ca\u00a0 keratina s\u0103 poat\u0103 fi absorbit\u0103 \u00een structura p\u0103rului sub influen\u021ba temperaturii calde la coafare.<\/span><\/p>\n<p><b>\u0421\u043f\u043e\u0441\u043e\u0431 \u043f\u0440\u0438\u043c\u0435\u043d\u0435\u043d\u0438\u044f:<\/b><\/p>\n<p><span style=\"font-weight: 400;\">Se aplic\u0103 pe p\u0103rul umed sp\u0103lat cu \u0219ampon. Se repartizeaz\u0103 pe toat\u0103 lungimea p\u0103rului, se piept\u0103n\u0103 sau modeleaz\u0103 cu m\u00e2inile timp de 5 minute. Se spal\u0103 cu ap\u0103 rece, pentru ca o oarecare cantitate de balsam s\u0103 r\u0103m\u00e2n\u0103 pe p\u0103r. La uscarea cu usc\u0103torul de p\u0103r proteina hidrolizat\u0103 este absorbit\u0103 \u00een zonele deteriorate ale p\u0103rului.<\/span><\/p>\n<p><b>Se aplic\u0103 solu\u021bia de \u00eengrijire nelavabil\u0103 sau de pre-styling \u0219i se \u00eencepe aranjarea p\u0103rului.<\/b><\/p>","protected":false},"excerpt":{"rendered":"<p>Balsam pentru restabilirea structurii p\u0103rului cu keratin\u0103<\/p>","protected":false},"featured_media":19281,"template":"","meta":[],"product_brand":[],"product_cat":[1497,72],"product_tag":[],"class_list":{"0":"post-19279","1":"product","2":"type-product","3":"status-publish","4":"has-post-thumbnail","6":"product_cat-balsamuri-de-par","7":"product_cat-ingrijirea-parului","9":"first","10":"instock","11":"purchasable","12":"product-type-simple"},"jetpack_sharing_enabled":true,"_links":{"self":[{"href":"https:\/\/wholesale.md\/ru\/wp-json\/wp\/v2\/product\/19279","targetHints":{"allow":["GET"]}}],"collection":[{"href":"https:\/\/wholesale.md\/ru\/wp-json\/wp\/v2\/product"}],"about":[{"href":"https:\/\/wholesale.md\/ru\/wp-json\/wp\/v2\/types\/product"}],"version-history":[{"count":0,"href":"https:\/\/wholesale.md\/ru\/wp-json\/wp\/v2\/product\/19279\/revisions"}],"wp:featuredmedia":[{"embeddable":true,"href":"https:\/\/wholesale.md\/ru\/wp-json\/wp\/v2\/media\/19281"}],"wp:attachment":[{"href":"https:\/\/wholesale.md\/ru\/wp-json\/wp\/v2\/media?parent=19279"}],"wp:term":[{"taxonomy":"product_brand","embeddable":true,"href":"https:\/\/wholesale.md\/ru\/wp-json\/wp\/v2\/product_brand?post=19279"},{"taxonomy":"product_cat","embeddable":true,"href":"https:\/\/wholesale.md\/ru\/wp-json\/wp\/v2\/product_cat?post=19279"},{"taxonomy":"product_tag","embeddable":true,"href":"https:\/\/wholesale.md\/ru\/wp-json\/wp\/v2\/product_tag?post=19279"}],"curies":[{"name":"wp","href":"https:\/\/api.w.org\/{rel}","templated":true}]}}