{"id":16938,"date":"2023-08-13T14:22:49","date_gmt":"2023-08-13T12:22:49","guid":{"rendered":"https:\/\/melanin.md\/?post_type=product&#038;p=16938"},"modified":"2024-09-20T08:53:22","modified_gmt":"2024-09-20T08:53:22","slug":"detox-nature-fresh-treatment-shampoo","status":"publish","type":"product","link":"https:\/\/wholesale.md\/ru\/product\/detox-nature-fresh-treatment-shampoo\/","title":{"rendered":"Detox Nature Fresh Treatment Shampoo"},"content":{"rendered":"<p>Amestecul nostru exclusiv de ingrediente esen\u021biale cur\u0103\u021b\u0103 delicat toate impurit\u0103\u021bile, \u00eembun\u0103t\u0103\u021be\u0219te scalpul \u0219i p\u0103rul f\u0103r\u0103 uscarea excesiv\u0103. Ideal pentru \u00eendep\u0103rtarea excesului de sebum, mirosuri, m\u0103trea\u021b\u0103, produse de styling, fum \u0219i impurit\u0103\u021bi. \u00cenv\u0103luit de parfumul delicios de proasp\u0103t \u0219i r\u0103coritor al eucaliptului, scalpul este l\u0103sat curat, iar p\u0103rul este incredibil de moale, u\u0219or \u0219i suplu.<\/p>\n<p><strong>MOD DE UTILIZARE<\/strong>: Aplica\u021bi uniform pe p\u0103rul \u0219i scalpul umed. Maseaz\u0103-\u021bi scalpul \u0219i p\u0103rul de la r\u0103d\u0103cini p\u00e2n\u0103 la v\u00e2rfuri pentru a forma o spum\u0103 moale \u0219i luxuriant\u0103. Cl\u0103ti\u021bi \u0219i repeta\u021bi dup\u0103 cum este necesar.<\/p>","protected":false},"excerpt":{"rendered":"<p>Amestecul nostru exclusiv de ingrediente esen\u021biale cur\u0103\u021b\u0103 delicat toate impurit\u0103\u021bile, \u00eembun\u0103t\u0103\u021be\u0219te scalpul \u0219i p\u0103rul f\u0103r\u0103 uscarea excesiv\u0103. Ideal pentru \u00eendep\u0103rtarea<\/p>","protected":false},"featured_media":21876,"template":"","meta":[],"product_brand":[],"product_cat":[72,1496],"product_tag":[],"class_list":{"0":"post-16938","1":"product","2":"type-product","3":"status-publish","4":"has-post-thumbnail","6":"product_cat-ingrijirea-parului","7":"product_cat-sampoane","9":"first","10":"instock","11":"shipping-taxable","12":"purchasable","13":"product-type-variable"},"jetpack_sharing_enabled":true,"_links":{"self":[{"href":"https:\/\/wholesale.md\/ru\/wp-json\/wp\/v2\/product\/16938","targetHints":{"allow":["GET"]}}],"collection":[{"href":"https:\/\/wholesale.md\/ru\/wp-json\/wp\/v2\/product"}],"about":[{"href":"https:\/\/wholesale.md\/ru\/wp-json\/wp\/v2\/types\/product"}],"version-history":[{"count":0,"href":"https:\/\/wholesale.md\/ru\/wp-json\/wp\/v2\/product\/16938\/revisions"}],"wp:featuredmedia":[{"embeddable":true,"href":"https:\/\/wholesale.md\/ru\/wp-json\/wp\/v2\/media\/21876"}],"wp:attachment":[{"href":"https:\/\/wholesale.md\/ru\/wp-json\/wp\/v2\/media?parent=16938"}],"wp:term":[{"taxonomy":"product_brand","embeddable":true,"href":"https:\/\/wholesale.md\/ru\/wp-json\/wp\/v2\/product_brand?post=16938"},{"taxonomy":"product_cat","embeddable":true,"href":"https:\/\/wholesale.md\/ru\/wp-json\/wp\/v2\/product_cat?post=16938"},{"taxonomy":"product_tag","embeddable":true,"href":"https:\/\/wholesale.md\/ru\/wp-json\/wp\/v2\/product_tag?post=16938"}],"curies":[{"name":"wp","href":"https:\/\/api.w.org\/{rel}","templated":true}]}}