{"id":16930,"date":"2023-08-13T14:12:18","date_gmt":"2023-08-13T12:12:18","guid":{"rendered":"https:\/\/melanin.md\/?post_type=product&#038;p=16930"},"modified":"2024-09-20T09:20:35","modified_gmt":"2024-09-20T09:20:35","slug":"detox-nature-fresh-treatment-balm","status":"publish","type":"product","link":"https:\/\/wholesale.md\/ru\/product\/detox-nature-fresh-treatment-balm\/","title":{"rendered":"Detox Nature Fresh Treatment Balm"},"content":{"rendered":"<p>Amestecul nostru exclusiv de elemente esen\u021biale \u0219i aminoacizi botanici restructureaz\u0103 fibra p\u0103rului, reconstruie\u0219te stratul protector, creeaz\u0103 magne\u021bi de hidratare, \u00eembun\u0103t\u0103\u021be\u0219te str\u0103lucirea \u0219i elasticitatea, reduc\u00e2nd semnificativ \u00eencre\u021birea, l\u0103s\u00e2nd scalpul hr\u0103nit proasp\u0103t, f\u0103r\u0103 a l\u0103sa un reziduu greu.<\/p>\n<p><strong>MOD DE UTILIZARE<\/strong>: Masa\u021bi uniform pe scalp, apoi distribui\u021bi prin p\u0103r cu un pieptene cu din\u021bi largi. A\u0219tepta\u021bi 3\/5 minute \u00eenainte de a cl\u0103ti cu ap\u0103 cald\u0103.<\/p>","protected":false},"excerpt":{"rendered":"<p>Amestecul nostru exclusiv de elemente esen\u021biale \u0219i aminoacizi botanici restructureaz\u0103 fibra p\u0103rului, reconstruie\u0219te stratul protector, creeaz\u0103 magne\u021bi de hidratare, \u00eembun\u0103t\u0103\u021be\u0219te<\/p>","protected":false},"featured_media":21878,"template":"","meta":[],"product_brand":[],"product_cat":[1497,72],"product_tag":[],"class_list":{"0":"post-16930","1":"product","2":"type-product","3":"status-publish","4":"has-post-thumbnail","6":"product_cat-balsamuri-de-par","7":"product_cat-ingrijirea-parului","9":"first","10":"instock","11":"shipping-taxable","12":"purchasable","13":"product-type-variable"},"jetpack_sharing_enabled":true,"_links":{"self":[{"href":"https:\/\/wholesale.md\/ru\/wp-json\/wp\/v2\/product\/16930","targetHints":{"allow":["GET"]}}],"collection":[{"href":"https:\/\/wholesale.md\/ru\/wp-json\/wp\/v2\/product"}],"about":[{"href":"https:\/\/wholesale.md\/ru\/wp-json\/wp\/v2\/types\/product"}],"version-history":[{"count":0,"href":"https:\/\/wholesale.md\/ru\/wp-json\/wp\/v2\/product\/16930\/revisions"}],"wp:featuredmedia":[{"embeddable":true,"href":"https:\/\/wholesale.md\/ru\/wp-json\/wp\/v2\/media\/21878"}],"wp:attachment":[{"href":"https:\/\/wholesale.md\/ru\/wp-json\/wp\/v2\/media?parent=16930"}],"wp:term":[{"taxonomy":"product_brand","embeddable":true,"href":"https:\/\/wholesale.md\/ru\/wp-json\/wp\/v2\/product_brand?post=16930"},{"taxonomy":"product_cat","embeddable":true,"href":"https:\/\/wholesale.md\/ru\/wp-json\/wp\/v2\/product_cat?post=16930"},{"taxonomy":"product_tag","embeddable":true,"href":"https:\/\/wholesale.md\/ru\/wp-json\/wp\/v2\/product_tag?post=16930"}],"curies":[{"name":"wp","href":"https:\/\/api.w.org\/{rel}","templated":true}]}}