{"id":16926,"date":"2023-08-13T14:07:58","date_gmt":"2023-08-13T12:07:58","guid":{"rendered":"https:\/\/melanin.md\/?post_type=product&#038;p=16926"},"modified":"2024-09-20T09:21:00","modified_gmt":"2024-09-20T09:21:00","slug":"detox-nature-fresh-scalp-lotion","status":"publish","type":"product","link":"https:\/\/wholesale.md\/ru\/product\/detox-nature-fresh-scalp-lotion\/","title":{"rendered":"Detox Nature Fresh Scalp Lotion"},"content":{"rendered":"<p>Amestecul nostru exclusiv de elemente esen\u021biale \u00eempreun\u0103 cu uleiuri de cur\u0103\u021bare \u0219i extracte botanice hidrolizate. Colagenul hr\u0103ne\u0219te, oxigeneaz\u0103, elimin\u0103 toxinele, dezinfecteaz\u0103 \u0219i tonific\u0103 scalpul. Stimuleaz\u0103 elasticitatea re\u00eennoirii celulare, restabilind circula\u021bia sanguin\u0103 adecvat\u0103, ajut\u00e2nd la oxigenarea \u0219i hr\u0103nirea foliculilor de p\u0103r. Regleaza secretia excesiva de sebum, neutralizand mirosurile neplacute.<\/p>\n<p><strong>MOD DE UTILIZARE <\/strong>: Se aplica direct pe scalp, se distribuie printr-un masaj circular viguros \u0219i se trece la coafare.<\/p>","protected":false},"excerpt":{"rendered":"<p>Amestecul nostru exclusiv de elemente esen\u021biale \u00eempreun\u0103 cu uleiuri de cur\u0103\u021bare \u0219i extracte botanice hidrolizate. Colagenul hr\u0103ne\u0219te, oxigeneaz\u0103, elimin\u0103 toxinele,<\/p>","protected":false},"featured_media":21877,"template":"","meta":[],"product_brand":[],"product_cat":[72],"product_tag":[],"class_list":{"0":"post-16926","1":"product","2":"type-product","3":"status-publish","4":"has-post-thumbnail","6":"product_cat-ingrijirea-parului","8":"first","9":"instock","10":"shipping-taxable","11":"purchasable","12":"product-type-simple"},"jetpack_sharing_enabled":true,"_links":{"self":[{"href":"https:\/\/wholesale.md\/ru\/wp-json\/wp\/v2\/product\/16926","targetHints":{"allow":["GET"]}}],"collection":[{"href":"https:\/\/wholesale.md\/ru\/wp-json\/wp\/v2\/product"}],"about":[{"href":"https:\/\/wholesale.md\/ru\/wp-json\/wp\/v2\/types\/product"}],"version-history":[{"count":0,"href":"https:\/\/wholesale.md\/ru\/wp-json\/wp\/v2\/product\/16926\/revisions"}],"wp:featuredmedia":[{"embeddable":true,"href":"https:\/\/wholesale.md\/ru\/wp-json\/wp\/v2\/media\/21877"}],"wp:attachment":[{"href":"https:\/\/wholesale.md\/ru\/wp-json\/wp\/v2\/media?parent=16926"}],"wp:term":[{"taxonomy":"product_brand","embeddable":true,"href":"https:\/\/wholesale.md\/ru\/wp-json\/wp\/v2\/product_brand?post=16926"},{"taxonomy":"product_cat","embeddable":true,"href":"https:\/\/wholesale.md\/ru\/wp-json\/wp\/v2\/product_cat?post=16926"},{"taxonomy":"product_tag","embeddable":true,"href":"https:\/\/wholesale.md\/ru\/wp-json\/wp\/v2\/product_tag?post=16926"}],"curies":[{"name":"wp","href":"https:\/\/api.w.org\/{rel}","templated":true}]}}