{"id":16768,"date":"2023-08-12T11:30:49","date_gmt":"2023-08-12T09:30:49","guid":{"rendered":"https:\/\/melanin.md\/?post_type=product&#038;p=16768"},"modified":"2024-09-20T09:22:21","modified_gmt":"2024-09-20T09:22:21","slug":"5-3d-ionic-reconstructive-mousse","status":"publish","type":"product","link":"https:\/\/wholesale.md\/ru\/product\/5-3d-ionic-reconstructive-mousse\/","title":{"rendered":"#5 3D Ionic Reconstructive Mousse"},"content":{"rendered":"<p>O spum\u0103 hr\u0103nitoare, hidratant\u0103, reparatoare, pentru controlul porozit\u0103\u021bii, \u00eembog\u0103\u021bit\u0103 cu aminoacizi hidroliza\u021bi <strong>3D din cereale naturale<\/strong>. Complexul nostru antiinflamator de aminoacizi botanici protejeaz\u0103 p\u0103rul de radicalii liberi \u0219i de c\u0103ldura intens\u0103. Hidrateaz\u0103, protejeaz\u0103 \u0219i calmeaz\u0103, l\u0103s\u00e2nd p\u0103rul protejat, hidratat, plin, elastic \u0219i str\u0103lucitor.<\/p>","protected":false},"excerpt":{"rendered":"<p>O spum\u0103 hr\u0103nitoare, hidratant\u0103, reparatoare, pentru controlul porozit\u0103\u021bii, \u00eembog\u0103\u021bit\u0103 cu aminoacizi hidroliza\u021bi 3D din cereale naturale. Complexul nostru antiinflamator de<\/p>","protected":false},"featured_media":21888,"template":"","meta":[],"product_brand":[],"product_cat":[72,1498],"product_tag":[],"class_list":{"0":"post-16768","1":"product","2":"type-product","3":"status-publish","4":"has-post-thumbnail","6":"product_cat-ingrijirea-parului","7":"product_cat-ulei-si-vitamine","9":"first","10":"instock","11":"shipping-taxable","12":"purchasable","13":"product-type-simple"},"jetpack_sharing_enabled":true,"_links":{"self":[{"href":"https:\/\/wholesale.md\/ru\/wp-json\/wp\/v2\/product\/16768","targetHints":{"allow":["GET"]}}],"collection":[{"href":"https:\/\/wholesale.md\/ru\/wp-json\/wp\/v2\/product"}],"about":[{"href":"https:\/\/wholesale.md\/ru\/wp-json\/wp\/v2\/types\/product"}],"version-history":[{"count":0,"href":"https:\/\/wholesale.md\/ru\/wp-json\/wp\/v2\/product\/16768\/revisions"}],"wp:featuredmedia":[{"embeddable":true,"href":"https:\/\/wholesale.md\/ru\/wp-json\/wp\/v2\/media\/21888"}],"wp:attachment":[{"href":"https:\/\/wholesale.md\/ru\/wp-json\/wp\/v2\/media?parent=16768"}],"wp:term":[{"taxonomy":"product_brand","embeddable":true,"href":"https:\/\/wholesale.md\/ru\/wp-json\/wp\/v2\/product_brand?post=16768"},{"taxonomy":"product_cat","embeddable":true,"href":"https:\/\/wholesale.md\/ru\/wp-json\/wp\/v2\/product_cat?post=16768"},{"taxonomy":"product_tag","embeddable":true,"href":"https:\/\/wholesale.md\/ru\/wp-json\/wp\/v2\/product_tag?post=16768"}],"curies":[{"name":"wp","href":"https:\/\/api.w.org\/{rel}","templated":true}]}}