{"id":8684,"date":"2023-12-17T20:08:42","date_gmt":"2023-12-17T20:08:42","guid":{"rendered":"https:\/\/wholesale.md\/?post_type=product&#038;p=8684"},"modified":"2024-07-08T11:35:03","modified_gmt":"2024-07-08T11:35:03","slug":"crema-pu-fata-achroactive","status":"publish","type":"product","link":"http:\/\/wholesale.md\/ru\/product\/crema-pu-fata-achroactive\/","title":{"rendered":"Crem\u0103 pu fa\u021b\u0103 Achroactive"},"content":{"rendered":"<p>Crema <strong>ACHROACTIVE\u00ae<\/strong> este un produs modern, inofensiv, cu efect de albire. \u00cendep\u0103rteaz\u0103 pistruii \u0219i petele de v\u00e2rst\u0103 dup\u0103 sarcin\u0103. Con\u021bine un filtru UV care ofer\u0103 protec\u021bie \u00eempotriva razelor d\u0103un\u0103toare ale soarelui pentru a reduce pigmentarea \u0219i a proteja \u00eempotriva foto\u00eemb\u0103tr\u00e2nirii. Vitamina C elimin\u0103 petele de v\u00e2rst\u0103 \u0219i uniformizeaz\u0103 culoarea pielii.<\/p>","protected":false},"excerpt":{"rendered":"<p>Crema ACHROACTIVE\u00ae este un produs modern, inofensiv, cu efect de albire. \u00cendep\u0103rteaz\u0103 pistruii \u0219i petele de v\u00e2rst\u0103 dup\u0103 sarcin\u0103. Con\u021bine<\/p>","protected":false},"featured_media":8685,"template":"","meta":[],"product_brand":[],"product_cat":[1510,461],"product_tag":[],"class_list":{"0":"post-8684","1":"product","2":"type-product","3":"status-publish","4":"has-post-thumbnail","6":"product_cat-crema-pentru-fata","7":"product_cat-ingrijirea-fetei","9":"first","10":"instock","11":"shipping-taxable","12":"purchasable","13":"product-type-variable"},"jetpack_sharing_enabled":true,"_links":{"self":[{"href":"http:\/\/wholesale.md\/ru\/wp-json\/wp\/v2\/product\/8684","targetHints":{"allow":["GET"]}}],"collection":[{"href":"http:\/\/wholesale.md\/ru\/wp-json\/wp\/v2\/product"}],"about":[{"href":"http:\/\/wholesale.md\/ru\/wp-json\/wp\/v2\/types\/product"}],"version-history":[{"count":0,"href":"http:\/\/wholesale.md\/ru\/wp-json\/wp\/v2\/product\/8684\/revisions"}],"wp:featuredmedia":[{"embeddable":true,"href":"http:\/\/wholesale.md\/ru\/wp-json\/wp\/v2\/media\/8685"}],"wp:attachment":[{"href":"http:\/\/wholesale.md\/ru\/wp-json\/wp\/v2\/media?parent=8684"}],"wp:term":[{"taxonomy":"product_brand","embeddable":true,"href":"http:\/\/wholesale.md\/ru\/wp-json\/wp\/v2\/product_brand?post=8684"},{"taxonomy":"product_cat","embeddable":true,"href":"http:\/\/wholesale.md\/ru\/wp-json\/wp\/v2\/product_cat?post=8684"},{"taxonomy":"product_tag","embeddable":true,"href":"http:\/\/wholesale.md\/ru\/wp-json\/wp\/v2\/product_tag?post=8684"}],"curies":[{"name":"wp","href":"https:\/\/api.w.org\/{rel}","templated":true}]}}