{"id":8672,"date":"2023-12-17T19:45:25","date_gmt":"2023-12-17T19:45:25","guid":{"rendered":"https:\/\/wholesale.md\/?post_type=product&#038;p=8672"},"modified":"2024-07-08T11:35:41","modified_gmt":"2024-07-08T11:35:41","slug":"crema-pentru-maini-cu-glicerina","status":"publish","type":"product","link":"http:\/\/wholesale.md\/ru\/product\/crema-pentru-maini-cu-glicerina\/","title":{"rendered":"Crem\u0103 pentru m\u00e2ini cu glicerin\u0103\u00a0"},"content":{"rendered":"<p><b>Crem\u0103 pentru m\u00e2ini cu glicerin\u0103\u00a0<\/b><\/p>\n<p><span style=\"font-weight: 400;\">Crema m\u0103re\u0219te elasticitatea pielii \u00eemb\u0103tr\u00e2nite a m\u00e2inilor, are un efect revitalizant. Calmeaz\u0103 pielea, amelioreaz\u0103 irita\u021bia. Hr\u0103ne\u0219te \u0219i hidrateaz\u0103 perfect. Glicerina \u0219i complexul de vitamine catifeleaz\u0103 perfect \u0219i men\u021bin echilibrul umidit\u0103\u021bii pielii \u0219i reduc fragilitatea unghiilor.<\/span><\/p>","protected":false},"excerpt":{"rendered":"<p>Crem\u0103 pentru m\u00e2ini cu glicerin\u0103\u00a0 Crema m\u0103re\u0219te elasticitatea pielii \u00eemb\u0103tr\u00e2nite a m\u00e2inilor, are un efect revitalizant. Calmeaz\u0103 pielea, amelioreaz\u0103 irita\u021bia.<\/p>","protected":false},"featured_media":8674,"template":"","meta":[],"product_brand":[],"product_cat":[1509,272],"product_tag":[],"class_list":{"0":"post-8672","1":"product","2":"type-product","3":"status-publish","4":"has-post-thumbnail","6":"product_cat-creme-pentru-maini","7":"product_cat-ingrijirea-mainilor","9":"first","10":"instock","11":"shipping-taxable","12":"purchasable","13":"product-type-variable"},"jetpack_sharing_enabled":true,"_links":{"self":[{"href":"http:\/\/wholesale.md\/ru\/wp-json\/wp\/v2\/product\/8672","targetHints":{"allow":["GET"]}}],"collection":[{"href":"http:\/\/wholesale.md\/ru\/wp-json\/wp\/v2\/product"}],"about":[{"href":"http:\/\/wholesale.md\/ru\/wp-json\/wp\/v2\/types\/product"}],"version-history":[{"count":0,"href":"http:\/\/wholesale.md\/ru\/wp-json\/wp\/v2\/product\/8672\/revisions"}],"wp:featuredmedia":[{"embeddable":true,"href":"http:\/\/wholesale.md\/ru\/wp-json\/wp\/v2\/media\/8674"}],"wp:attachment":[{"href":"http:\/\/wholesale.md\/ru\/wp-json\/wp\/v2\/media?parent=8672"}],"wp:term":[{"taxonomy":"product_brand","embeddable":true,"href":"http:\/\/wholesale.md\/ru\/wp-json\/wp\/v2\/product_brand?post=8672"},{"taxonomy":"product_cat","embeddable":true,"href":"http:\/\/wholesale.md\/ru\/wp-json\/wp\/v2\/product_cat?post=8672"},{"taxonomy":"product_tag","embeddable":true,"href":"http:\/\/wholesale.md\/ru\/wp-json\/wp\/v2\/product_tag?post=8672"}],"curies":[{"name":"wp","href":"https:\/\/api.w.org\/{rel}","templated":true}]}}