{"id":8668,"date":"2023-12-17T19:42:03","date_gmt":"2023-12-17T19:42:03","guid":{"rendered":"https:\/\/wholesale.md\/?post_type=product&#038;p=8668"},"modified":"2024-07-08T11:35:59","modified_gmt":"2024-07-08T11:35:59","slug":"crema-bio-cu-glicerina","status":"publish","type":"product","link":"http:\/\/wholesale.md\/ru\/product\/crema-bio-cu-glicerina\/","title":{"rendered":"Crem\u0103 BIO cu glicerin\u0103"},"content":{"rendered":"<p><b>\u00a0Crem\u0103 BIO cu glicerin\u0103 pentru fa\u021b\u0103 \u0219i m\u00e2ini<\/b><\/p>\n<p><span style=\"font-weight: 400;\">Crema hr\u0103ne\u0219te \u0219i hidrateaz\u0103 eficient pielea, p\u0103trunz\u00e2nd ad\u00e2nc \u00een celulele pielii \u0219i \u00eembun\u0103t\u0103\u021be\u0219te metabolismul. Alantoina ajut\u0103 la formarea \u021besutului s\u0103n\u0103tos, \u00eenmoaie pielea. Rezultatul este o piele moale \u0219i s\u0103n\u0103toas\u0103 a m\u00e2inilor.<\/span><\/p>","protected":false},"excerpt":{"rendered":"<p>\u00a0Crem\u0103 BIO cu glicerin\u0103 pentru fa\u021b\u0103 \u0219i m\u00e2ini Crema hr\u0103ne\u0219te \u0219i hidrateaz\u0103 eficient pielea, p\u0103trunz\u00e2nd ad\u00e2nc \u00een celulele pielii \u0219i<\/p>","protected":false},"featured_media":8670,"template":"","meta":[],"product_brand":[],"product_cat":[1510,1509,461],"product_tag":[],"class_list":{"0":"post-8668","1":"product","2":"type-product","3":"status-publish","4":"has-post-thumbnail","6":"product_cat-crema-pentru-fata","7":"product_cat-creme-pentru-maini","8":"product_cat-ingrijirea-fetei","10":"first","11":"instock","12":"shipping-taxable","13":"purchasable","14":"product-type-variable"},"jetpack_sharing_enabled":true,"_links":{"self":[{"href":"http:\/\/wholesale.md\/ru\/wp-json\/wp\/v2\/product\/8668","targetHints":{"allow":["GET"]}}],"collection":[{"href":"http:\/\/wholesale.md\/ru\/wp-json\/wp\/v2\/product"}],"about":[{"href":"http:\/\/wholesale.md\/ru\/wp-json\/wp\/v2\/types\/product"}],"version-history":[{"count":0,"href":"http:\/\/wholesale.md\/ru\/wp-json\/wp\/v2\/product\/8668\/revisions"}],"wp:featuredmedia":[{"embeddable":true,"href":"http:\/\/wholesale.md\/ru\/wp-json\/wp\/v2\/media\/8670"}],"wp:attachment":[{"href":"http:\/\/wholesale.md\/ru\/wp-json\/wp\/v2\/media?parent=8668"}],"wp:term":[{"taxonomy":"product_brand","embeddable":true,"href":"http:\/\/wholesale.md\/ru\/wp-json\/wp\/v2\/product_brand?post=8668"},{"taxonomy":"product_cat","embeddable":true,"href":"http:\/\/wholesale.md\/ru\/wp-json\/wp\/v2\/product_cat?post=8668"},{"taxonomy":"product_tag","embeddable":true,"href":"http:\/\/wholesale.md\/ru\/wp-json\/wp\/v2\/product_tag?post=8668"}],"curies":[{"name":"wp","href":"https:\/\/api.w.org\/{rel}","templated":true}]}}