{"id":8640,"date":"2023-12-17T19:19:32","date_gmt":"2023-12-17T19:19:32","guid":{"rendered":"https:\/\/wholesale.md\/?post_type=product&#038;p=8640"},"modified":"2025-02-07T10:10:01","modified_gmt":"2025-02-07T10:10:01","slug":"fixativ-pentru-par-taft","status":"publish","type":"product","link":"http:\/\/wholesale.md\/ru\/product\/fixativ-pentru-par-taft\/","title":{"rendered":"Fixativ pentru p\u0103r TAFT"},"content":{"rendered":"<p><strong>Fixativ pentru p\u0103r TAFT<\/strong><\/p>\n<p>Fixativ\u00a0 puternic , care are menirea de a v\u0103 ajuta s\u0103 ob\u021bine\u021bi cu u\u0219urin\u021b\u0103 orice coafur\u0103 v\u0103 dori\u021bi. Componen\u021ba acestuia este bogat\u0103 \u00een nutrien\u021bi \u0219i substan\u021be active, care vor hr\u0103ni \u0219i hidrata eficient p\u0103rul dvs, protej\u00e2ndu-l totodat\u0103 de efectele nocive ale mediului \u0219i razelor ultraviolete. Astfel, datorit\u0103 lacului fixativ, v\u0103 ve\u021bi putea bucura de o rezisten\u021b\u0103 uimitoare a coafurii dvs, pe tot parcursul serii. Calitatea ne define\u0219te!<\/p>","protected":false},"excerpt":{"rendered":"<p>Fixativ pentru p\u0103r TAFT Fixativ\u00a0 puternic , care are menirea de a v\u0103 ajuta s\u0103 ob\u021bine\u021bi cu u\u0219urin\u021b\u0103 orice coafur\u0103<\/p>","protected":false},"featured_media":8666,"template":"","meta":[],"product_brand":[],"product_cat":[72,1499],"product_tag":[],"class_list":{"0":"post-8640","1":"product","2":"type-product","3":"status-publish","4":"has-post-thumbnail","6":"product_cat-ingrijirea-parului","7":"product_cat-styling","9":"first","10":"instock","11":"shipping-taxable","12":"purchasable","13":"product-type-variable"},"jetpack_sharing_enabled":true,"_links":{"self":[{"href":"http:\/\/wholesale.md\/ru\/wp-json\/wp\/v2\/product\/8640","targetHints":{"allow":["GET"]}}],"collection":[{"href":"http:\/\/wholesale.md\/ru\/wp-json\/wp\/v2\/product"}],"about":[{"href":"http:\/\/wholesale.md\/ru\/wp-json\/wp\/v2\/types\/product"}],"version-history":[{"count":1,"href":"http:\/\/wholesale.md\/ru\/wp-json\/wp\/v2\/product\/8640\/revisions"}],"predecessor-version":[{"id":22783,"href":"http:\/\/wholesale.md\/ru\/wp-json\/wp\/v2\/product\/8640\/revisions\/22783"}],"wp:featuredmedia":[{"embeddable":true,"href":"http:\/\/wholesale.md\/ru\/wp-json\/wp\/v2\/media\/8666"}],"wp:attachment":[{"href":"http:\/\/wholesale.md\/ru\/wp-json\/wp\/v2\/media?parent=8640"}],"wp:term":[{"taxonomy":"product_brand","embeddable":true,"href":"http:\/\/wholesale.md\/ru\/wp-json\/wp\/v2\/product_brand?post=8640"},{"taxonomy":"product_cat","embeddable":true,"href":"http:\/\/wholesale.md\/ru\/wp-json\/wp\/v2\/product_cat?post=8640"},{"taxonomy":"product_tag","embeddable":true,"href":"http:\/\/wholesale.md\/ru\/wp-json\/wp\/v2\/product_tag?post=8640"}],"curies":[{"name":"wp","href":"https:\/\/api.w.org\/{rel}","templated":true}]}}