{"id":8602,"date":"2023-12-16T11:11:08","date_gmt":"2023-12-16T11:11:08","guid":{"rendered":"https:\/\/wholesale.md\/?post_type=product&#038;p=8602"},"modified":"2024-07-08T07:56:34","modified_gmt":"2024-07-08T07:56:34","slug":"decolorant-pentru-par-silver-effect-blond-time-2","status":"publish","type":"product","link":"http:\/\/wholesale.md\/ru\/product\/decolorant-pentru-par-silver-effect-blond-time-2\/","title":{"rendered":"Decolorant pentru p\u0103r Silver Effect Blond Time 2"},"content":{"rendered":"<p><b>Decolorant pentru p\u0103r Silver Effect Blond Time 2<\/b><\/p>\n<p><span style=\"font-weight: 400;\">O nou\u0103 dimensiune \u00een clarificatoare. Cu efectul Blond Silver, pute\u021bi str\u0103luci cu u\u0219urin\u021b\u0103 \u0219i fiabil culoarea natural\u0103 a p\u0103rului, f\u0103r\u0103 \u00eeng\u0103lbenirea nepl\u0103cut\u0103 caracteristic\u0103 produselor clasice de decolorare a p\u0103rului. Formula unic\u0103 de gel cu efect Blondor Silver \u00eembog\u0103\u021bit\u0103 cu extract de nuf\u0103r confer\u0103 p\u0103rului o nuan\u021b\u0103 u\u0219oar\u0103 de perlat, \u00eei confer\u0103 un aspect bine \u00eengrijit \u0219i natural.<\/span><\/p>\n<p><span style=\"font-weight: 400;\">Cu efectul Blond Silver, po\u021bi deschide p\u0103rul p\u00e2n\u0103 la 4 tonuri.<\/span><\/p>","protected":false},"excerpt":{"rendered":"<p>Decolorant pentru p\u0103r Silver Effect Blond Time 2 O nou\u0103 dimensiune \u00een clarificatoare. Cu efectul Blond Silver, pute\u021bi str\u0103luci cu<\/p>","protected":false},"featured_media":8597,"template":"","meta":[],"product_brand":[],"product_cat":[72,1505],"product_tag":[],"class_list":{"0":"post-8602","1":"product","2":"type-product","3":"status-publish","4":"has-post-thumbnail","6":"product_cat-ingrijirea-parului","7":"product_cat-vopsirea-parului","9":"first","10":"instock","11":"shipping-taxable","12":"purchasable","13":"product-type-simple"},"jetpack_sharing_enabled":true,"_links":{"self":[{"href":"http:\/\/wholesale.md\/ru\/wp-json\/wp\/v2\/product\/8602","targetHints":{"allow":["GET"]}}],"collection":[{"href":"http:\/\/wholesale.md\/ru\/wp-json\/wp\/v2\/product"}],"about":[{"href":"http:\/\/wholesale.md\/ru\/wp-json\/wp\/v2\/types\/product"}],"version-history":[{"count":0,"href":"http:\/\/wholesale.md\/ru\/wp-json\/wp\/v2\/product\/8602\/revisions"}],"wp:featuredmedia":[{"embeddable":true,"href":"http:\/\/wholesale.md\/ru\/wp-json\/wp\/v2\/media\/8597"}],"wp:attachment":[{"href":"http:\/\/wholesale.md\/ru\/wp-json\/wp\/v2\/media?parent=8602"}],"wp:term":[{"taxonomy":"product_brand","embeddable":true,"href":"http:\/\/wholesale.md\/ru\/wp-json\/wp\/v2\/product_brand?post=8602"},{"taxonomy":"product_cat","embeddable":true,"href":"http:\/\/wholesale.md\/ru\/wp-json\/wp\/v2\/product_cat?post=8602"},{"taxonomy":"product_tag","embeddable":true,"href":"http:\/\/wholesale.md\/ru\/wp-json\/wp\/v2\/product_tag?post=8602"}],"curies":[{"name":"wp","href":"https:\/\/api.w.org\/{rel}","templated":true}]}}