{"id":8569,"date":"2023-12-16T10:26:32","date_gmt":"2023-12-16T10:26:32","guid":{"rendered":"https:\/\/wholesale.md\/?post_type=product&#038;p=8569"},"modified":"2024-12-13T14:38:58","modified_gmt":"2024-12-13T14:38:58","slug":"solutie-pentru-indepartarea-vopselei-de-pe-par-color-off","status":"publish","type":"product","link":"http:\/\/wholesale.md\/ru\/product\/solutie-pentru-indepartarea-vopselei-de-pe-par-color-off\/","title":{"rendered":"Solu\u021bie pentru \u00eendep\u0103rtarea vopselei de pe p\u0103r Color OFF"},"content":{"rendered":"<p><b>Solu\u021bie pentru \u00eendep\u0103rtarea vopselei de pe p\u0103r Color OFF<\/b><\/p>\n<p><span style=\"font-weight: 400;\">Color OFF v\u0103 ofer\u0103 libertatea de a v\u0103 schimba culoarea p\u0103rului pentru a ob\u021bine culoarea dorit\u0103. Readuce\u021bi p\u0103rul la culoarea sa natural\u0103.\u00a0 Aceast\u0103 formul\u0103 con\u021bine o solu\u021bie tampon special, care detoxific\u0103 p\u0103rul \u0219i \u00eendep\u0103rteaz\u0103 pigmen\u021bii vech, men\u021bin\u00e2nd structura p\u0103rului.\u00a0<\/span><\/p>","protected":false},"excerpt":{"rendered":"<p>Solu\u021bie pentru \u00eendep\u0103rtarea vopselei de pe p\u0103r Color OFF Color OFF v\u0103 ofer\u0103 libertatea de a v\u0103 schimba culoarea p\u0103rului<\/p>","protected":false},"featured_media":8570,"template":"","meta":[],"product_brand":[],"product_cat":[72,1505],"product_tag":[],"class_list":{"0":"post-8569","1":"product","2":"type-product","3":"status-publish","4":"has-post-thumbnail","6":"product_cat-ingrijirea-parului","7":"product_cat-vopsirea-parului","9":"first","10":"instock","11":"shipping-taxable","12":"purchasable","13":"product-type-simple"},"jetpack_sharing_enabled":true,"_links":{"self":[{"href":"http:\/\/wholesale.md\/ru\/wp-json\/wp\/v2\/product\/8569","targetHints":{"allow":["GET"]}}],"collection":[{"href":"http:\/\/wholesale.md\/ru\/wp-json\/wp\/v2\/product"}],"about":[{"href":"http:\/\/wholesale.md\/ru\/wp-json\/wp\/v2\/types\/product"}],"version-history":[{"count":0,"href":"http:\/\/wholesale.md\/ru\/wp-json\/wp\/v2\/product\/8569\/revisions"}],"wp:featuredmedia":[{"embeddable":true,"href":"http:\/\/wholesale.md\/ru\/wp-json\/wp\/v2\/media\/8570"}],"wp:attachment":[{"href":"http:\/\/wholesale.md\/ru\/wp-json\/wp\/v2\/media?parent=8569"}],"wp:term":[{"taxonomy":"product_brand","embeddable":true,"href":"http:\/\/wholesale.md\/ru\/wp-json\/wp\/v2\/product_brand?post=8569"},{"taxonomy":"product_cat","embeddable":true,"href":"http:\/\/wholesale.md\/ru\/wp-json\/wp\/v2\/product_cat?post=8569"},{"taxonomy":"product_tag","embeddable":true,"href":"http:\/\/wholesale.md\/ru\/wp-json\/wp\/v2\/product_tag?post=8569"}],"curies":[{"name":"wp","href":"https:\/\/api.w.org\/{rel}","templated":true}]}}