{"id":8565,"date":"2023-12-15T13:50:52","date_gmt":"2023-12-15T13:50:52","guid":{"rendered":"https:\/\/wholesale.md\/?post_type=product&#038;p=8565"},"modified":"2024-07-08T11:36:58","modified_gmt":"2024-07-08T11:36:58","slug":"crema-henna-pentru-par-herbal-time","status":"publish","type":"product","link":"http:\/\/wholesale.md\/ru\/product\/crema-henna-pentru-par-herbal-time\/","title":{"rendered":"Crem\u0103-Henn\u0103 pentru p\u0103r Herbal Time \u00a0"},"content":{"rendered":"<p><b>HERBAL TIME &#8211;\u00a0 CREM\u0102-HENNA NUTRITIV\u0102 PENTRU P\u0102R\u00a0<\/b><\/p>\n<p><span style=\"font-weight: 400;\">Acum po\u0163i beneficia \u015fi tu de avantajele folosirii extractului de Henna folosind: Crem\u0103 nutritiv\u0103 neutr\u0103 Herbal Time pe baz\u0103 de henna. Henna necolorant\u0103 ideal\u0103 pentru refacerea \u0219i hr\u0103nirea p\u0103rului care \u00ee\u0219i recap\u0103t\u0103 suple\u0163ea str\u0103lucirea \u0219i vitalitatea. Produsul con\u0163ine extract de henna de culoare neutr\u0103, aceasta \u00eensemn\u00e2nd c\u0103 nu are deloc propriet\u0103\u021bi de colorare a p\u0103rului chiar \u015fi dac\u0103 acesta a fost vopsit anterior. Poate fi folosit\u0103 chiar \u015fi de persoane care au culoarea blond platinat.<\/span><\/p>\n<p><b>PACHETUL CON\u021aINE :<\/b><\/p>\n<p><span style=\"font-weight: 400;\">Tub cu crema-henna 75ml<\/span><\/p>\n<p><span style=\"font-weight: 400;\">O pereche de m\u0103nu\u0219i\u00a0<\/span><\/p>\n<p><span style=\"font-weight: 400;\">Instruc\u021biuni de aplicare\u00a0<\/span><\/p>","protected":false},"excerpt":{"rendered":"<p>HERBAL TIME &#8211;\u00a0 CREM\u0102-HENNA NUTRITIV\u0102 PENTRU P\u0102R\u00a0 Acum po\u0163i beneficia \u015fi tu de avantajele folosirii extractului de Henna folosind: Crem\u0103<\/p>","protected":false},"featured_media":8567,"template":"","meta":[],"product_brand":[],"product_cat":[72,1505],"product_tag":[],"class_list":{"0":"post-8565","1":"product","2":"type-product","3":"status-publish","4":"has-post-thumbnail","6":"product_cat-ingrijirea-parului","7":"product_cat-vopsirea-parului","9":"first","10":"instock","11":"shipping-taxable","12":"purchasable","13":"product-type-variable"},"jetpack_sharing_enabled":true,"_links":{"self":[{"href":"http:\/\/wholesale.md\/ru\/wp-json\/wp\/v2\/product\/8565","targetHints":{"allow":["GET"]}}],"collection":[{"href":"http:\/\/wholesale.md\/ru\/wp-json\/wp\/v2\/product"}],"about":[{"href":"http:\/\/wholesale.md\/ru\/wp-json\/wp\/v2\/types\/product"}],"version-history":[{"count":0,"href":"http:\/\/wholesale.md\/ru\/wp-json\/wp\/v2\/product\/8565\/revisions"}],"wp:featuredmedia":[{"embeddable":true,"href":"http:\/\/wholesale.md\/ru\/wp-json\/wp\/v2\/media\/8567"}],"wp:attachment":[{"href":"http:\/\/wholesale.md\/ru\/wp-json\/wp\/v2\/media?parent=8565"}],"wp:term":[{"taxonomy":"product_brand","embeddable":true,"href":"http:\/\/wholesale.md\/ru\/wp-json\/wp\/v2\/product_brand?post=8565"},{"taxonomy":"product_cat","embeddable":true,"href":"http:\/\/wholesale.md\/ru\/wp-json\/wp\/v2\/product_cat?post=8565"},{"taxonomy":"product_tag","embeddable":true,"href":"http:\/\/wholesale.md\/ru\/wp-json\/wp\/v2\/product_tag?post=8565"}],"curies":[{"name":"wp","href":"https:\/\/api.w.org\/{rel}","templated":true}]}}