{"id":8547,"date":"2023-12-15T12:35:39","date_gmt":"2023-12-15T12:35:39","guid":{"rendered":"https:\/\/wholesale.md\/?post_type=product&#038;p=8547"},"modified":"2024-07-08T08:22:40","modified_gmt":"2024-07-08T08:22:40","slug":"vopsea-pentru-par-color-time","status":"publish","type":"product","link":"http:\/\/wholesale.md\/ru\/product\/vopsea-pentru-par-color-time\/","title":{"rendered":"Vopsea pentru p\u0103r COLOR TIME"},"content":{"rendered":"<p><b>COLOR TIME &#8211; VOPSEA PERMANENT\u0102 DE P\u0102R<\/b><\/p>\n<p><span style=\"font-weight: 400;\">\u00cengrijire intensiv\u0103 \u015fi str\u0103lucire REZULTATE PROFESIONALE.\u00a0 Formula inovatoare ROYAL JELLY asigur\u0103 echilibrul perfect \u00eentre culoare intens\u0103, \u00eengrijire \u015fi protec\u0163ie.<\/span><\/p>\n<p><b>PACHETUL CON\u021aINE :<\/b><\/p>\n<p><span style=\"font-weight: 400;\">Aplicator cu emulsie activatoare 60ml<\/span><\/p>\n<p><span style=\"font-weight: 400;\">Tub cu gel colorant 40ml<\/span><\/p>\n<p><span style=\"font-weight: 400;\">O pereche de m\u0103nu\u0219i\u00a0<\/span><\/p>\n<p><span style=\"font-weight: 400;\">Instruc\u021biuni de aplicare\u00a0<\/span><\/p>","protected":false},"excerpt":{"rendered":"<p>COLOR TIME &#8211; VOPSEA PERMANENT\u0102 DE P\u0102R \u00cengrijire intensiv\u0103 \u015fi str\u0103lucire REZULTATE PROFESIONALE.\u00a0 Formula inovatoare ROYAL JELLY asigur\u0103 echilibrul perfect<\/p>","protected":false},"featured_media":8548,"template":"","meta":[],"product_brand":[],"product_cat":[72,1505],"product_tag":[],"class_list":{"0":"post-8547","1":"product","2":"type-product","3":"status-publish","4":"has-post-thumbnail","6":"product_cat-ingrijirea-parului","7":"product_cat-vopsirea-parului","9":"first","10":"instock","11":"shipping-taxable","12":"purchasable","13":"product-type-variable"},"jetpack_sharing_enabled":true,"_links":{"self":[{"href":"http:\/\/wholesale.md\/ru\/wp-json\/wp\/v2\/product\/8547","targetHints":{"allow":["GET"]}}],"collection":[{"href":"http:\/\/wholesale.md\/ru\/wp-json\/wp\/v2\/product"}],"about":[{"href":"http:\/\/wholesale.md\/ru\/wp-json\/wp\/v2\/types\/product"}],"version-history":[{"count":0,"href":"http:\/\/wholesale.md\/ru\/wp-json\/wp\/v2\/product\/8547\/revisions"}],"wp:featuredmedia":[{"embeddable":true,"href":"http:\/\/wholesale.md\/ru\/wp-json\/wp\/v2\/media\/8548"}],"wp:attachment":[{"href":"http:\/\/wholesale.md\/ru\/wp-json\/wp\/v2\/media?parent=8547"}],"wp:term":[{"taxonomy":"product_brand","embeddable":true,"href":"http:\/\/wholesale.md\/ru\/wp-json\/wp\/v2\/product_brand?post=8547"},{"taxonomy":"product_cat","embeddable":true,"href":"http:\/\/wholesale.md\/ru\/wp-json\/wp\/v2\/product_cat?post=8547"},{"taxonomy":"product_tag","embeddable":true,"href":"http:\/\/wholesale.md\/ru\/wp-json\/wp\/v2\/product_tag?post=8547"}],"curies":[{"name":"wp","href":"https:\/\/api.w.org\/{rel}","templated":true}]}}