{"id":8537,"date":"2023-12-12T12:34:40","date_gmt":"2023-12-12T12:34:40","guid":{"rendered":"https:\/\/wholesale.md\/?post_type=product&#038;p=8537"},"modified":"2024-07-08T09:34:24","modified_gmt":"2024-07-08T09:34:24","slug":"vopsea-pentru-par-galant","status":"publish","type":"product","link":"http:\/\/wholesale.md\/ru\/product\/vopsea-pentru-par-galant\/","title":{"rendered":"Vopsea pentru p\u0103r GALANT"},"content":{"rendered":"<p><b>GALANT &#8211; VOPSEA PERMANENT\u0102 PENTRU P\u0102R<\/b><\/p>\n<p><span style=\"font-weight: 400;\">Cea mai recent\u0103 dezvoltare a noastr\u0103 ofer\u0103 \u00eengrijire \u0219i nutri\u021bie excep\u021bionale, o formul\u0103 de colorare conceput\u0103 special pentru mediul dinamic actual. P\u0103trunde activ \u00een profunzime \u0219i \u00eent\u0103re\u0219te p\u0103rul chiar de la r\u0103d\u0103cini. Combina\u021bia a trei ingrediente active va dezv\u0103lui adev\u0103rata frumuse\u021be a p\u0103rului t\u0103u. Keratin\u0103 &#8211; pentru s\u0103n\u0103tatea \u0219i rezisten\u021ba p\u0103rului M\u0103tase &#8211; pentru str\u0103lucirea \u0219i elasticitatea p\u0103rului Filtru UV &#8211; pentru o culoare de lung\u0103 durat\u0103 \u0219i natural\u0103 Colorare excelent\u0103 a p\u0103rului gri. Culoare dens\u0103 \u0219i bogat\u0103.<\/span><\/p>\n<p><span style=\"font-weight: 400;\">Con\u021binutul ambalajului:<\/span><\/p>\n<p><span style=\"font-weight: 400;\">tub de vopsea crem\u0103 45 ml<\/span><\/p>\n<p><span style=\"font-weight: 400;\">1 flacon cu emulsie \u00een curs de dezvoltare 50 ml<\/span><\/p>\n<p><span style=\"font-weight: 400;\">1 plic de balsam pentru p\u0103r colorat 20 ml<\/span><\/p>\n<p><span style=\"font-weight: 400;\">1 pereche de manusi de protectie<\/span><\/p>\n<p><span style=\"font-weight: 400;\">1 instructiuni de utilizare<\/span><\/p>","protected":false},"excerpt":{"rendered":"<p>GALANT &#8211; VOPSEA PERMANENT\u0102 PENTRU P\u0102R Cea mai recent\u0103 dezvoltare a noastr\u0103 ofer\u0103 \u00eengrijire \u0219i nutri\u021bie excep\u021bionale, o formul\u0103 de<\/p>","protected":false},"featured_media":8538,"template":"","meta":[],"product_brand":[],"product_cat":[72,1505],"product_tag":[],"class_list":{"0":"post-8537","1":"product","2":"type-product","3":"status-publish","4":"has-post-thumbnail","6":"product_cat-ingrijirea-parului","7":"product_cat-vopsirea-parului","9":"first","10":"instock","11":"shipping-taxable","12":"purchasable","13":"product-type-variable"},"jetpack_sharing_enabled":true,"_links":{"self":[{"href":"http:\/\/wholesale.md\/ru\/wp-json\/wp\/v2\/product\/8537","targetHints":{"allow":["GET"]}}],"collection":[{"href":"http:\/\/wholesale.md\/ru\/wp-json\/wp\/v2\/product"}],"about":[{"href":"http:\/\/wholesale.md\/ru\/wp-json\/wp\/v2\/types\/product"}],"version-history":[{"count":0,"href":"http:\/\/wholesale.md\/ru\/wp-json\/wp\/v2\/product\/8537\/revisions"}],"wp:featuredmedia":[{"embeddable":true,"href":"http:\/\/wholesale.md\/ru\/wp-json\/wp\/v2\/media\/8538"}],"wp:attachment":[{"href":"http:\/\/wholesale.md\/ru\/wp-json\/wp\/v2\/media?parent=8537"}],"wp:term":[{"taxonomy":"product_brand","embeddable":true,"href":"http:\/\/wholesale.md\/ru\/wp-json\/wp\/v2\/product_brand?post=8537"},{"taxonomy":"product_cat","embeddable":true,"href":"http:\/\/wholesale.md\/ru\/wp-json\/wp\/v2\/product_cat?post=8537"},{"taxonomy":"product_tag","embeddable":true,"href":"http:\/\/wholesale.md\/ru\/wp-json\/wp\/v2\/product_tag?post=8537"}],"curies":[{"name":"wp","href":"https:\/\/api.w.org\/{rel}","templated":true}]}}