{"id":8527,"date":"2023-11-21T14:11:21","date_gmt":"2023-11-21T14:11:21","guid":{"rendered":"https:\/\/wholesale.md\/?post_type=product&#038;p=8527"},"modified":"2024-07-08T10:17:15","modified_gmt":"2024-07-08T10:17:15","slug":"vopsea-pentru-par-prestige","status":"publish","type":"product","link":"http:\/\/wholesale.md\/ru\/product\/vopsea-pentru-par-prestige\/","title":{"rendered":"Vopsea pentru p\u0103r Prestige"},"content":{"rendered":"<p><b>VIP\u2019S PRESTIGE &#8211; CALITATE CONFIRMAT\u0102 \u00ceN TIMP !<\/b><\/p>\n<p><span style=\"font-weight: 400;\">Vopsea de p\u0103r, combin\u00e2nd un sistem des\u0103v\u00e2r\u0219it de colorare \u0219i \u00eengrijire a p\u0103rului. Ofer\u0103 rezisten\u021b\u0103 maxim\u0103 culorii \u0219i durabilitate maxim\u0103 p\u0103rului. Formula \u00eembog\u0103\u021bit\u0103 a m\u0103\u0219tii pentru str\u0103lucire de diamant. Con\u021bine uleiuri &#8211; de argan, macadamia, chia \u0219i cheratin\u0103 concentrat\u0103. Formula sa confer\u0103 str\u0103lucire p\u0103rului, l\u0103s\u00e2ndu-l m\u0103t\u0103sos \u0219i plin de vitalitate. Fixeaz\u0103 culoarea.\u00a0<\/span><\/p>\n<p><b>PACHETUL CON\u021aINE :<\/b><\/p>\n<ul>\n<li><span style=\"font-weight: 400;\">1 tub vopsea crem\u0103 50 ml\u00a0<\/span><\/li>\n<li><span style=\"font-weight: 400;\">1 tub de emulsie oxidant\u0103 50 ml<\/span><\/li>\n<li><span style=\"font-weight: 400;\">1 plic cu balsam 15 ml<\/span><\/li>\n<li><span style=\"font-weight: 400;\">1 pereche de m\u0103nu\u0219i protectoare\u00a0<\/span><\/li>\n<li><span style=\"font-weight: 400;\">1 instruc\u021biune de utilizare\u00a0<\/span><\/li>\n<\/ul>\n<p>&nbsp;<\/p>","protected":false},"excerpt":{"rendered":"<p>VIP\u2019S PRESTIGE &#8211; CALITATE CONFIRMAT\u0102 \u00ceN TIMP ! Vopsea de p\u0103r, combin\u00e2nd un sistem des\u0103v\u00e2r\u0219it de colorare \u0219i \u00eengrijire a<\/p>","protected":false},"featured_media":8528,"template":"","meta":[],"product_brand":[],"product_cat":[72,1505],"product_tag":[105],"class_list":{"0":"post-8527","1":"product","2":"type-product","3":"status-publish","4":"has-post-thumbnail","6":"product_cat-ingrijirea-parului","7":"product_cat-vopsirea-parului","8":"product_tag-vopsea-pentru-par","10":"first","11":"instock","12":"shipping-taxable","13":"purchasable","14":"product-type-variable"},"jetpack_sharing_enabled":true,"_links":{"self":[{"href":"http:\/\/wholesale.md\/ru\/wp-json\/wp\/v2\/product\/8527","targetHints":{"allow":["GET"]}}],"collection":[{"href":"http:\/\/wholesale.md\/ru\/wp-json\/wp\/v2\/product"}],"about":[{"href":"http:\/\/wholesale.md\/ru\/wp-json\/wp\/v2\/types\/product"}],"version-history":[{"count":0,"href":"http:\/\/wholesale.md\/ru\/wp-json\/wp\/v2\/product\/8527\/revisions"}],"wp:featuredmedia":[{"embeddable":true,"href":"http:\/\/wholesale.md\/ru\/wp-json\/wp\/v2\/media\/8528"}],"wp:attachment":[{"href":"http:\/\/wholesale.md\/ru\/wp-json\/wp\/v2\/media?parent=8527"}],"wp:term":[{"taxonomy":"product_brand","embeddable":true,"href":"http:\/\/wholesale.md\/ru\/wp-json\/wp\/v2\/product_brand?post=8527"},{"taxonomy":"product_cat","embeddable":true,"href":"http:\/\/wholesale.md\/ru\/wp-json\/wp\/v2\/product_cat?post=8527"},{"taxonomy":"product_tag","embeddable":true,"href":"http:\/\/wholesale.md\/ru\/wp-json\/wp\/v2\/product_tag?post=8527"}],"curies":[{"name":"wp","href":"https:\/\/api.w.org\/{rel}","templated":true}]}}