{"id":22411,"date":"2024-11-21T12:11:57","date_gmt":"2024-11-21T12:11:57","guid":{"rendered":"https:\/\/wholesale.md\/?post_type=product&#038;p=22411"},"modified":"2024-11-21T12:24:16","modified_gmt":"2024-11-21T12:24:16","slug":"pasta-de-dinti-aquarelle-new","status":"publish","type":"product","link":"http:\/\/wholesale.md\/ru\/product\/pasta-de-dinti-aquarelle-new\/","title":{"rendered":"Pasta de dinti Aquarelle New"},"content":{"rendered":"<p>S\u0103n\u0103tatea dentar\u0103 este un factor important care afecteaz\u0103 nu numai frumuse\u021bea z\u00e2mbetului, ci \u0219i \u00eencrederea \u00een sine.<\/p>\n<p>Seria AQUARELLE va ajuta la asigurarea confortului zilnic din\u021bilor \u0219i gingiilor. Datorit\u0103 unei formule echilibrate cu fluor \u0219i calciu \u0219i ingrediente special selectate, pastele de din\u021bi au un efect protector \u0219i preventiv perfect.<\/p>\n<p>AQUARELLE garanteaz\u0103 din\u021bi cura\u021bi, respira\u021bie proasp\u0103t\u0103 \u0219i un z\u00e2mbet minunat!<\/p>","protected":false},"excerpt":{"rendered":"<p>S\u0103n\u0103tatea dentar\u0103 este un factor important care afecteaz\u0103 nu numai frumuse\u021bea z\u00e2mbetului, ci \u0219i \u00eencrederea \u00een sine. Seria AQUARELLE va<\/p>","protected":false},"featured_media":22434,"template":"","meta":[],"product_brand":[],"product_cat":[283,1506],"product_tag":[],"class_list":{"0":"post-22411","1":"product","2":"type-product","3":"status-publish","4":"has-post-thumbnail","6":"product_cat-ingrijirea-orala","7":"product_cat-paste-de-dinti","9":"first","10":"instock","11":"shipping-taxable","12":"purchasable","13":"product-type-variable"},"jetpack_sharing_enabled":true,"_links":{"self":[{"href":"http:\/\/wholesale.md\/ru\/wp-json\/wp\/v2\/product\/22411","targetHints":{"allow":["GET"]}}],"collection":[{"href":"http:\/\/wholesale.md\/ru\/wp-json\/wp\/v2\/product"}],"about":[{"href":"http:\/\/wholesale.md\/ru\/wp-json\/wp\/v2\/types\/product"}],"version-history":[{"count":0,"href":"http:\/\/wholesale.md\/ru\/wp-json\/wp\/v2\/product\/22411\/revisions"}],"wp:featuredmedia":[{"embeddable":true,"href":"http:\/\/wholesale.md\/ru\/wp-json\/wp\/v2\/media\/22434"}],"wp:attachment":[{"href":"http:\/\/wholesale.md\/ru\/wp-json\/wp\/v2\/media?parent=22411"}],"wp:term":[{"taxonomy":"product_brand","embeddable":true,"href":"http:\/\/wholesale.md\/ru\/wp-json\/wp\/v2\/product_brand?post=22411"},{"taxonomy":"product_cat","embeddable":true,"href":"http:\/\/wholesale.md\/ru\/wp-json\/wp\/v2\/product_cat?post=22411"},{"taxonomy":"product_tag","embeddable":true,"href":"http:\/\/wholesale.md\/ru\/wp-json\/wp\/v2\/product_tag?post=22411"}],"curies":[{"name":"wp","href":"https:\/\/api.w.org\/{rel}","templated":true}]}}