{"id":21104,"date":"2024-06-17T09:51:45","date_gmt":"2024-06-17T09:51:45","guid":{"rendered":"https:\/\/wholesale.md\/index.php\/produs\/dove-deo-spray-150-ml\/"},"modified":"2024-12-12T14:30:30","modified_gmt":"2024-12-12T14:30:30","slug":"dove-deo-spray-150-ml","status":"publish","type":"product","link":"http:\/\/wholesale.md\/ru\/product\/dove-deo-spray-150-ml\/","title":{"rendered":"Dove deo spray 150 ml"},"content":{"rendered":"<p>Sarcina de baz\u0103 a unui antiperspirant este protec\u021bia perfect\u0103 \u00eempotriva transpira\u021biei. Dac\u0103 acesta mai are grij\u0103 de pielea sensibil\u0103 a axilelor atunci e\u0219ti obligat\u0103 s\u0103-l \u00eencerci. Spray-ul Dove este produsul minune. Formula sa eficient\u0103 a fost testat\u0103 pe 100 de culori pentru a fi absolut sigur c\u0103 nu va l\u0103sa reziduuri sau pete pe niciuna dintre ele. Nu con\u021bine alcool, dar a fost \u00eembog\u0103\u021bit\u0103 cu \u00bc crem\u0103 hidratant\u0103, datorit\u0103 c\u0103reia are grij\u0103 de pielea delicat\u0103 \u0219i calmeaz\u0103 irita\u021biile \u0219i ro\u0219ea\u021ba cauzate de epilare. Vei observa diferen\u021ba deja dup\u0103 trei zile de utilizare pentru c\u0103 pielea va deveni moale \u0219i catifelat\u0103.<\/p>","protected":false},"excerpt":{"rendered":"<p>Sarcina de baz\u0103 a unui antiperspirant este protec\u021bia perfect\u0103 \u00eempotriva transpira\u021biei. Dac\u0103 acesta mai are grij\u0103 de pielea sensibil\u0103 a<\/p>","protected":false},"featured_media":21762,"template":"","meta":[],"product_brand":[],"product_cat":[1512,273],"product_tag":[],"class_list":{"0":"post-21104","1":"product","2":"type-product","3":"status-publish","4":"has-post-thumbnail","6":"product_cat-deodorant-antiperspirant","7":"product_cat-ingrijire-corporala","9":"first","10":"instock","11":"purchasable","12":"product-type-variable"},"jetpack_sharing_enabled":true,"_links":{"self":[{"href":"http:\/\/wholesale.md\/ru\/wp-json\/wp\/v2\/product\/21104","targetHints":{"allow":["GET"]}}],"collection":[{"href":"http:\/\/wholesale.md\/ru\/wp-json\/wp\/v2\/product"}],"about":[{"href":"http:\/\/wholesale.md\/ru\/wp-json\/wp\/v2\/types\/product"}],"version-history":[{"count":0,"href":"http:\/\/wholesale.md\/ru\/wp-json\/wp\/v2\/product\/21104\/revisions"}],"wp:featuredmedia":[{"embeddable":true,"href":"http:\/\/wholesale.md\/ru\/wp-json\/wp\/v2\/media\/21762"}],"wp:attachment":[{"href":"http:\/\/wholesale.md\/ru\/wp-json\/wp\/v2\/media?parent=21104"}],"wp:term":[{"taxonomy":"product_brand","embeddable":true,"href":"http:\/\/wholesale.md\/ru\/wp-json\/wp\/v2\/product_brand?post=21104"},{"taxonomy":"product_cat","embeddable":true,"href":"http:\/\/wholesale.md\/ru\/wp-json\/wp\/v2\/product_cat?post=21104"},{"taxonomy":"product_tag","embeddable":true,"href":"http:\/\/wholesale.md\/ru\/wp-json\/wp\/v2\/product_tag?post=21104"}],"curies":[{"name":"wp","href":"https:\/\/api.w.org\/{rel}","templated":true}]}}