{"id":20115,"date":"2023-05-08T00:00:00","date_gmt":"2023-05-08T00:00:00","guid":{"rendered":"https:\/\/wholesale.md\/index.php\/produs\/cream-developer-eyebrow\/"},"modified":"2024-06-19T15:40:38","modified_gmt":"2024-06-19T15:40:38","slug":"cream-developer-eyebrow","status":"publish","type":"product","link":"http:\/\/wholesale.md\/ru\/product\/cream-developer-eyebrow\/","title":{"rendered":"Cream Developer eyebrow"},"content":{"rendered":"<p><strong>Crem\u0103-oxidant\u0103 3% pentru gene \u0219i spr\u00e2ncene\u00a0<\/strong><\/p>\n<p>Pentru colorarea spr\u00e2ncenelor \u0219i a genelor, ve\u021bi avea nevoie de un oxidant profesional 3% Spa Master.<\/p>\n<p>Un produs de \u00eenalt\u0103 calitate te va ajuta s\u0103 ob\u021bii consisten\u021ba perfect\u0103 a amestecului de colorant, dup\u0103 care po\u021bi s\u0103-l distribui cu u\u0219urin\u021b\u0103 \u0219i s\u0103 ob\u021bii culoarea dorit\u0103 \u00een final.<\/p>","protected":false},"excerpt":{"rendered":"<p>Crem\u0103-oxidant\u0103 3% pentru gene \u0219i spr\u00e2ncene<\/p>","protected":false},"featured_media":20117,"template":"","meta":[],"product_brand":[],"product_cat":[72,1505],"product_tag":[],"class_list":{"0":"post-20115","1":"product","2":"type-product","3":"status-publish","4":"has-post-thumbnail","6":"product_cat-ingrijirea-parului","7":"product_cat-vopsirea-parului","9":"first","10":"instock","11":"purchasable","12":"product-type-simple"},"jetpack_sharing_enabled":true,"_links":{"self":[{"href":"http:\/\/wholesale.md\/ru\/wp-json\/wp\/v2\/product\/20115","targetHints":{"allow":["GET"]}}],"collection":[{"href":"http:\/\/wholesale.md\/ru\/wp-json\/wp\/v2\/product"}],"about":[{"href":"http:\/\/wholesale.md\/ru\/wp-json\/wp\/v2\/types\/product"}],"version-history":[{"count":0,"href":"http:\/\/wholesale.md\/ru\/wp-json\/wp\/v2\/product\/20115\/revisions"}],"wp:featuredmedia":[{"embeddable":true,"href":"http:\/\/wholesale.md\/ru\/wp-json\/wp\/v2\/media\/20117"}],"wp:attachment":[{"href":"http:\/\/wholesale.md\/ru\/wp-json\/wp\/v2\/media?parent=20115"}],"wp:term":[{"taxonomy":"product_brand","embeddable":true,"href":"http:\/\/wholesale.md\/ru\/wp-json\/wp\/v2\/product_brand?post=20115"},{"taxonomy":"product_cat","embeddable":true,"href":"http:\/\/wholesale.md\/ru\/wp-json\/wp\/v2\/product_cat?post=20115"},{"taxonomy":"product_tag","embeddable":true,"href":"http:\/\/wholesale.md\/ru\/wp-json\/wp\/v2\/product_tag?post=20115"}],"curies":[{"name":"wp","href":"https:\/\/api.w.org\/{rel}","templated":true}]}}