{"id":19787,"date":"2022-03-21T00:00:00","date_gmt":"2022-03-21T00:00:00","guid":{"rendered":"https:\/\/wholesale.md\/index.php\/produs\/black-hair-coloring-shampoo\/"},"modified":"2024-06-20T16:06:36","modified_gmt":"2024-06-20T16:06:36","slug":"black-hair-coloring-shampoo","status":"publish","type":"product","link":"http:\/\/wholesale.md\/ru\/product\/black-hair-coloring-shampoo\/","title":{"rendered":"Black Hair Coloring Shampoo"},"content":{"rendered":"<ul>\n<li style=\"list-style-type: none;\">\n<ul>\n<li>Un produs universal pentru b\u0103rba\u021bi \u0219i femei<\/li>\n<\/ul>\n<\/li>\n<\/ul>\n<ul>\n<li style=\"list-style-type: none;\">\n<ul>\n<li>Acoper\u0103\u00a0firele albe 100%<\/li>\n<\/ul>\n<\/li>\n<\/ul>\n<ul>\n<li style=\"list-style-type: none;\">\n<ul>\n<li>Hr\u0103ne\u0219te \u0219i restaureaz\u0103 p\u0103rul cu ulei de c\u00e2nep\u0103<\/li>\n<\/ul>\n<\/li>\n<\/ul>\n<ul>\n<li style=\"list-style-type: none;\">\n<ul>\n<li>Rezisten\u021b\u0103 p\u00e2n\u0103 la 4 s\u0103pt\u0103m\u00e2ni<\/li>\n<\/ul>\n<\/li>\n<\/ul>\n<p>&nbsp;<\/p>\n<p><b>Ingredients : <\/b><span style=\"font-weight: 400;\">AQUA,SODIUM LAURETH SULFATE, CETEARETH-7, ETHANOLAMINE, P-PHENYLENEDIAMINE, COCAMIDOPROPYL BETAINE, RESORCINOL, CANNABIS SATIVA (HEMP) SEED OIL, ACRYLATES\/C10-30 ALKYL ACRYLATE CROSSPOLYMER, SODIUM METABISULFITE, ERYTHORBIC ACID, TETRASODIUM EDTA, COCAMIDE DEA, GLYCERIN, M-AMINOPHENOL, 24 DIAMINOPHENOXYETHANOL HCL, 2-AMINO-4-HYDROXYETHYL AMINOANISOLE SULFATE PARFUM PART?: AQUA, HYDROGEN PEROXIDE, CETEARETH 7, PENTASODIUM PENTETATE, <\/span><span style=\"font-weight: 400;\">DISODIUM PYROPHOSPHATE, SODIUM STANNATE, PHOSPHORIC ACID<\/span><\/p>","protected":false},"excerpt":{"rendered":"<p>\u0218ampon colorant cu rezisten\u021b\u0103 p\u00e2n\u0103 la 4 s\u0103pt\u0103m\u00e2ni<br \/>\nn<br \/>\nn<\/p>","protected":false},"featured_media":19467,"template":"","meta":[],"product_brand":[],"product_cat":[543],"product_tag":[],"class_list":{"0":"post-19787","1":"product","2":"type-product","3":"status-publish","4":"has-post-thumbnail","6":"product_cat-produse-pentru-barbati","8":"first","9":"instock","10":"purchasable","11":"product-type-simple"},"jetpack_sharing_enabled":true,"_links":{"self":[{"href":"http:\/\/wholesale.md\/ru\/wp-json\/wp\/v2\/product\/19787","targetHints":{"allow":["GET"]}}],"collection":[{"href":"http:\/\/wholesale.md\/ru\/wp-json\/wp\/v2\/product"}],"about":[{"href":"http:\/\/wholesale.md\/ru\/wp-json\/wp\/v2\/types\/product"}],"version-history":[{"count":0,"href":"http:\/\/wholesale.md\/ru\/wp-json\/wp\/v2\/product\/19787\/revisions"}],"wp:featuredmedia":[{"embeddable":true,"href":"http:\/\/wholesale.md\/ru\/wp-json\/wp\/v2\/media\/19467"}],"wp:attachment":[{"href":"http:\/\/wholesale.md\/ru\/wp-json\/wp\/v2\/media?parent=19787"}],"wp:term":[{"taxonomy":"product_brand","embeddable":true,"href":"http:\/\/wholesale.md\/ru\/wp-json\/wp\/v2\/product_brand?post=19787"},{"taxonomy":"product_cat","embeddable":true,"href":"http:\/\/wholesale.md\/ru\/wp-json\/wp\/v2\/product_cat?post=19787"},{"taxonomy":"product_tag","embeddable":true,"href":"http:\/\/wholesale.md\/ru\/wp-json\/wp\/v2\/product_tag?post=19787"}],"curies":[{"name":"wp","href":"https:\/\/api.w.org\/{rel}","templated":true}]}}