{"id":19760,"date":"2022-03-09T00:00:00","date_gmt":"2022-03-09T00:00:00","guid":{"rendered":"https:\/\/wholesale.md\/index.php\/produs\/body-peeling-gel-in-vino-veritas\/"},"modified":"2024-06-14T08:48:54","modified_gmt":"2024-06-14T08:48:54","slug":"body-peeling-gel-in-vino-veritas","status":"publish","type":"product","link":"http:\/\/wholesale.md\/ru\/product\/body-peeling-gel-in-vino-veritas\/","title":{"rendered":"Body Peeling Gel In Vino Veritas"},"content":{"rendered":"<p>Aplica\u021bi gelul \u201cIn Vino Veritas\u201d pe intregul corp \u00eentr-o mi\u0219care circular\u0103. Dup\u0103 procedur\u0103, face\u021bi du\u0219 sau \u0219terge\u021bi corpul cu un burete sau un prosop.<\/p>","protected":false},"excerpt":{"rendered":"<p class=\"product_title entry-title\">Peeling gel pentru corp \u201cIn Vino Veritas\u201d<\/p>","protected":false},"featured_media":19762,"template":"","meta":[],"product_brand":[],"product_cat":[273],"product_tag":[],"class_list":{"0":"post-19760","1":"product","2":"type-product","3":"status-publish","4":"has-post-thumbnail","6":"product_cat-ingrijire-corporala","8":"first","9":"instock","10":"sale","11":"purchasable","12":"product-type-simple"},"jetpack_sharing_enabled":true,"_links":{"self":[{"href":"http:\/\/wholesale.md\/ru\/wp-json\/wp\/v2\/product\/19760","targetHints":{"allow":["GET"]}}],"collection":[{"href":"http:\/\/wholesale.md\/ru\/wp-json\/wp\/v2\/product"}],"about":[{"href":"http:\/\/wholesale.md\/ru\/wp-json\/wp\/v2\/types\/product"}],"version-history":[{"count":0,"href":"http:\/\/wholesale.md\/ru\/wp-json\/wp\/v2\/product\/19760\/revisions"}],"wp:featuredmedia":[{"embeddable":true,"href":"http:\/\/wholesale.md\/ru\/wp-json\/wp\/v2\/media\/19762"}],"wp:attachment":[{"href":"http:\/\/wholesale.md\/ru\/wp-json\/wp\/v2\/media?parent=19760"}],"wp:term":[{"taxonomy":"product_brand","embeddable":true,"href":"http:\/\/wholesale.md\/ru\/wp-json\/wp\/v2\/product_brand?post=19760"},{"taxonomy":"product_cat","embeddable":true,"href":"http:\/\/wholesale.md\/ru\/wp-json\/wp\/v2\/product_cat?post=19760"},{"taxonomy":"product_tag","embeddable":true,"href":"http:\/\/wholesale.md\/ru\/wp-json\/wp\/v2\/product_tag?post=19760"}],"curies":[{"name":"wp","href":"https:\/\/api.w.org\/{rel}","templated":true}]}}