{"id":19754,"date":"2022-03-09T00:00:00","date_gmt":"2022-03-09T00:00:00","guid":{"rendered":"https:\/\/wholesale.md\/index.php\/produs\/rejuvenating-body-mask\/"},"modified":"2024-06-14T08:48:54","modified_gmt":"2024-06-14T08:48:54","slug":"rejuvenating-body-mask","status":"publish","type":"product","link":"http:\/\/wholesale.md\/ru\/product\/rejuvenating-body-mask\/","title":{"rendered":"Rejuvenating Body Mask"},"content":{"rendered":"<p>Cu ajutorul unei perii, aplica\u021bi masca de \u00eentinerire a corpului Bulgarian Rose pe corp. Face\u021bi o \u00eenvelire a corpului \u0219i l\u0103sa\u021bi masca s\u0103 se usuce. Scoate\u021bi masca \u00eentr-o baie fierbinte sau \u00een du\u0219.<\/p>","protected":false},"excerpt":{"rendered":"<p class=\"product_title entry-title\">Masc\u0103 de corp anti-\u00eemb\u0103tr\u00e2nire \u201cBulgarian Rose\u201d<\/p>","protected":false},"featured_media":19756,"template":"","meta":[],"product_brand":[],"product_cat":[273],"product_tag":[],"class_list":{"0":"post-19754","1":"product","2":"type-product","3":"status-publish","4":"has-post-thumbnail","6":"product_cat-ingrijire-corporala","8":"first","9":"outofstock","10":"purchasable","11":"product-type-simple"},"jetpack_sharing_enabled":true,"_links":{"self":[{"href":"http:\/\/wholesale.md\/ru\/wp-json\/wp\/v2\/product\/19754","targetHints":{"allow":["GET"]}}],"collection":[{"href":"http:\/\/wholesale.md\/ru\/wp-json\/wp\/v2\/product"}],"about":[{"href":"http:\/\/wholesale.md\/ru\/wp-json\/wp\/v2\/types\/product"}],"version-history":[{"count":0,"href":"http:\/\/wholesale.md\/ru\/wp-json\/wp\/v2\/product\/19754\/revisions"}],"wp:featuredmedia":[{"embeddable":true,"href":"http:\/\/wholesale.md\/ru\/wp-json\/wp\/v2\/media\/19756"}],"wp:attachment":[{"href":"http:\/\/wholesale.md\/ru\/wp-json\/wp\/v2\/media?parent=19754"}],"wp:term":[{"taxonomy":"product_brand","embeddable":true,"href":"http:\/\/wholesale.md\/ru\/wp-json\/wp\/v2\/product_brand?post=19754"},{"taxonomy":"product_cat","embeddable":true,"href":"http:\/\/wholesale.md\/ru\/wp-json\/wp\/v2\/product_cat?post=19754"},{"taxonomy":"product_tag","embeddable":true,"href":"http:\/\/wholesale.md\/ru\/wp-json\/wp\/v2\/product_tag?post=19754"}],"curies":[{"name":"wp","href":"https:\/\/api.w.org\/{rel}","templated":true}]}}