{"id":19721,"date":"2022-01-13T00:00:00","date_gmt":"2022-01-13T00:00:00","guid":{"rendered":"https:\/\/wholesale.md\/index.php\/produs\/premium-beard-balm\/"},"modified":"2024-06-19T16:16:46","modified_gmt":"2024-06-19T16:16:46","slug":"premium-beard-balm","status":"publish","type":"product","link":"http:\/\/wholesale.md\/ru\/product\/premium-beard-balm\/","title":{"rendered":"PREMIUM BEARD BALM"},"content":{"rendered":"<p><b>Balsam Hidratant pentru barb\u0103 30ml\u00a0<\/b><\/p>\n<p><span style=\"font-weight: 400;\">Con\u021bine cear\u0103 de albine, ulei de shea, nuc\u0103 de cocos, cacao, jojoba, ricin\u0103, chia, argan \u0219i migdale. Balsamul are o arom\u0103 proasp\u0103t\u0103 de l\u0103m\u00e2ie.\u00a0<\/span><\/p>\n<p><b>\u0421\u043f\u043e\u0441\u043e\u0431 \u043f\u0440\u0438\u043c\u0435\u043d\u0435\u043d\u0438\u044f:\u00a0<\/b><\/p>\n<p><span style=\"font-weight: 400;\">Se \u00eenc\u0103lze\u0219te o cantitate mic\u0103 de produs \u00een palme apoi se aplic\u0103 pe barb\u0103. A se evita contactul cu ochii.\u00a0 <\/span><span style=\"font-weight: 400;\">\u00a0<\/span><\/p>\n<p><b>Ingredients : <\/b><span style=\"font-weight: 400;\">COCOS NUCIFERA SEED BUTTER, RICINUS COMMUNIS SEED OIL, BUTYROSPERMUM PARKII BUTTER, <\/span><span style=\"font-weight: 400;\">BEESWAX, PRUNUS AMYGDALUS DULCIS OIL, SIMMONDSIA CHINENSIS SEED OIL ARGANIA <\/span><span style=\"font-weight: 400;\">SPINOSA KERNEL OIL, SALVIA HISPANICA SEED OIL, THEOBROMA CACAO SEED BUTTER, LANOLIN, <\/span><span style=\"font-weight: 400;\">CYMBOPOGON FLEXUOSUS OIL, CITRAL, CITRONELLOL, GERANIOL, LIMONENE, LINALOOL, BHT<\/span><\/p>","protected":false},"excerpt":{"rendered":"<p>Balsam Hidratant pentru barb\u0103<\/p>","protected":false},"featured_media":19479,"template":"","meta":[],"product_brand":[],"product_cat":[543],"product_tag":[],"class_list":{"0":"post-19721","1":"product","2":"type-product","3":"status-publish","4":"has-post-thumbnail","6":"product_cat-produse-pentru-barbati","8":"first","9":"instock","10":"purchasable","11":"product-type-simple"},"jetpack_sharing_enabled":true,"_links":{"self":[{"href":"http:\/\/wholesale.md\/ru\/wp-json\/wp\/v2\/product\/19721","targetHints":{"allow":["GET"]}}],"collection":[{"href":"http:\/\/wholesale.md\/ru\/wp-json\/wp\/v2\/product"}],"about":[{"href":"http:\/\/wholesale.md\/ru\/wp-json\/wp\/v2\/types\/product"}],"version-history":[{"count":0,"href":"http:\/\/wholesale.md\/ru\/wp-json\/wp\/v2\/product\/19721\/revisions"}],"wp:featuredmedia":[{"embeddable":true,"href":"http:\/\/wholesale.md\/ru\/wp-json\/wp\/v2\/media\/19479"}],"wp:attachment":[{"href":"http:\/\/wholesale.md\/ru\/wp-json\/wp\/v2\/media?parent=19721"}],"wp:term":[{"taxonomy":"product_brand","embeddable":true,"href":"http:\/\/wholesale.md\/ru\/wp-json\/wp\/v2\/product_brand?post=19721"},{"taxonomy":"product_cat","embeddable":true,"href":"http:\/\/wholesale.md\/ru\/wp-json\/wp\/v2\/product_cat?post=19721"},{"taxonomy":"product_tag","embeddable":true,"href":"http:\/\/wholesale.md\/ru\/wp-json\/wp\/v2\/product_tag?post=19721"}],"curies":[{"name":"wp","href":"https:\/\/api.w.org\/{rel}","templated":true}]}}