{"id":19715,"date":"2022-01-13T00:00:00","date_gmt":"2022-01-13T00:00:00","guid":{"rendered":"https:\/\/wholesale.md\/index.php\/produs\/grooming-tonic\/"},"modified":"2024-06-19T16:18:08","modified_gmt":"2024-06-19T16:18:08","slug":"grooming-tonic","status":"publish","type":"product","link":"http:\/\/wholesale.md\/ru\/product\/grooming-tonic\/","title":{"rendered":"GROOMING TONIC"},"content":{"rendered":"<p><b>Tonic pentru stilizarea p\u0103rului 120ml<\/b><\/p>\n<p><span style=\"font-weight: 400;\">Ofer\u0103 volum \u0219i structureaz\u0103 p\u0103rul. <\/span><span style=\"font-weight: 400;\">Bogat \u00een keratin\u0103, ca\u0219mir, ardei ro\u0219u \u0219i rozmarin,tonicul este potrivit pentru coafarea termic\u0103 a p\u0103rului.\u00a0<\/span><\/p>\n<p><b>\u0421\u043f\u043e\u0441\u043e\u0431 \u043f\u0440\u0438\u043c\u0435\u043d\u0435\u043d\u0438\u044f:\u00a0<\/b><\/p>\n<p><span style=\"font-weight: 400;\">Se \u00eenc\u0103lze\u0219te o cantitate mic\u0103 de produs \u00een palme, apoi se aplic\u0103 pe p\u0103rul umed. Se utilizeaz\u0103 cu un usc\u0103tor de p\u0103r. Reactiva\u021bi produsul pe p\u0103rul deja uscat ad\u0103ug\u00e2nd o cantitate mic\u0103 din acesta sau <\/span><span style=\"font-weight: 400;\">umezind p\u0103rul<\/span><span style=\"font-weight: 400;\">.<\/span><\/p>\n<p><b>Ingredients : <\/b><span style=\"font-weight: 400;\">AQUA, VP\/VA COPOLYMER, GLYCERIN, POLYSORBATE 20, PEG- 12 DIMETHICONE, POLYETHYLENE GLYCOL, ROSMARINUS OFFICINALIS EXTRACT, URTICA DIOICA EXTRACT, DIAZOLIDINYL UREA, HYDROLYZED KERATIN, PENTYLENE GLYCOL, SODIUM LAURYL SULFOACETATE, SODIUM OLEOYL SARCOSINATE, DECYLENE GLYCOL, 1,2-HEXANEDIOL, SODIUM CHLORIDE, DISODIUM. <\/span><span style=\"font-weight: 400;\">SULFOACETATE, SODIUM OLEATE, SODIUM SULFATE, CAPSICUM ANNUUM FRUIT EXTRACT, CITRIC ACID. CARAMEL SODIUM BENZOATE, POTASSIUM SORBATE, PHENOXYETHANOL. <\/span><span style=\"font-weight: 400;\">ETHYLHEXYLGLYCERIN, PARFUM, LINALOOL, LIMONENE, BENZYL SALICYLATE<\/span><\/p>","protected":false},"excerpt":{"rendered":"<p>Tonic pentru stilizarea p\u0103rului<\/p>","protected":false},"featured_media":19463,"template":"","meta":[],"product_brand":[],"product_cat":[543],"product_tag":[],"class_list":{"0":"post-19715","1":"product","2":"type-product","3":"status-publish","4":"has-post-thumbnail","6":"product_cat-produse-pentru-barbati","8":"first","9":"instock","10":"purchasable","11":"product-type-simple"},"jetpack_sharing_enabled":true,"_links":{"self":[{"href":"http:\/\/wholesale.md\/ru\/wp-json\/wp\/v2\/product\/19715","targetHints":{"allow":["GET"]}}],"collection":[{"href":"http:\/\/wholesale.md\/ru\/wp-json\/wp\/v2\/product"}],"about":[{"href":"http:\/\/wholesale.md\/ru\/wp-json\/wp\/v2\/types\/product"}],"version-history":[{"count":0,"href":"http:\/\/wholesale.md\/ru\/wp-json\/wp\/v2\/product\/19715\/revisions"}],"wp:featuredmedia":[{"embeddable":true,"href":"http:\/\/wholesale.md\/ru\/wp-json\/wp\/v2\/media\/19463"}],"wp:attachment":[{"href":"http:\/\/wholesale.md\/ru\/wp-json\/wp\/v2\/media?parent=19715"}],"wp:term":[{"taxonomy":"product_brand","embeddable":true,"href":"http:\/\/wholesale.md\/ru\/wp-json\/wp\/v2\/product_brand?post=19715"},{"taxonomy":"product_cat","embeddable":true,"href":"http:\/\/wholesale.md\/ru\/wp-json\/wp\/v2\/product_cat?post=19715"},{"taxonomy":"product_tag","embeddable":true,"href":"http:\/\/wholesale.md\/ru\/wp-json\/wp\/v2\/product_tag?post=19715"}],"curies":[{"name":"wp","href":"https:\/\/api.w.org\/{rel}","templated":true}]}}