{"id":19701,"date":"2022-01-13T00:00:00","date_gmt":"2022-01-13T00:00:00","guid":{"rendered":"https:\/\/wholesale.md\/index.php\/produs\/3-plex-bond-restore\/"},"modified":"2024-07-08T11:39:20","modified_gmt":"2024-07-08T11:39:20","slug":"3-plex-bond-restore","status":"publish","type":"product","link":"http:\/\/wholesale.md\/ru\/product\/3-plex-bond-restore\/","title":{"rendered":"#3 PLEX BOND RESTORE"},"content":{"rendered":"<p><strong>#3 Plex Bond Expert fluid pentru p\u0103r 125ml\u00a0<\/strong><\/p>\n<p><strong>Conceput pentru utilizare \u00een condi\u021bii casnice<\/strong><\/p>\n<p>Conceput special pentru a men\u021bine efectul procedurii de restaurare a p\u0103rului <strong>MASTERPLEX<\/strong>\u00a0\u00een condi\u021bii casnice. Preg\u0103te\u0219te \u00een mod ideal p\u0103rul pentru vopsirea ulterioar\u0103 sau pentru tratamentele de restaurare a p\u0103rului \u00een saloanele de frumuse\u021be. Men\u021bine s\u0103n\u0103tatea p\u0103rului, restabileste rezisten\u021ba firelor, face p\u0103rul dens \u0219i confer\u0103 o str\u0103lucire intens\u0103. Se recomand\u0103 aplicarea o dat\u0103 pe s\u0103pt\u0103m\u00e2n\u0103, \u00een caz ca p\u0103rul este foarte deteriorat \u2013 de 2 ori.<\/p>\n<p><strong>Mod de aplicare: <\/strong>Cl\u0103ti\u021bi bine p\u0103rul cu mult\u0103 ap\u0103 \u0219i usca\u021bi cu ajutorul prosopului. Aplica\u021bi fluidul pe p\u0103r, distribui\u021bi uniform pe toat\u0103 lungimea. \u021aine\u021bi cel pu\u021bin 15 minute.<\/p>\n<p>\u00cen caz c\u0103 p\u0103rul este foarte deteriorat, aplica\u021bi un alt strat de fluid deasupra celui anterior. \u021aine\u021bi timp de 10 minute. Cl\u0103ti\u021bi bine cu \u0219ampon <strong>MASTERPLEX #4<\/strong>\u00a0\u0219i consolida\u021bi rezultatul cu masca\u00a0<strong>MASTERPLEX # 5<\/strong>.<\/p>","protected":false},"excerpt":{"rendered":"<p>Plex Bond Expert fluid pentru p\u0103r<\/p>","protected":false},"featured_media":19703,"template":"","meta":[],"product_brand":[],"product_cat":[72],"product_tag":[],"class_list":{"0":"post-19701","1":"product","2":"type-product","3":"status-publish","4":"has-post-thumbnail","6":"product_cat-ingrijirea-parului","8":"first","9":"instock","10":"purchasable","11":"product-type-simple"},"jetpack_sharing_enabled":true,"_links":{"self":[{"href":"http:\/\/wholesale.md\/ru\/wp-json\/wp\/v2\/product\/19701","targetHints":{"allow":["GET"]}}],"collection":[{"href":"http:\/\/wholesale.md\/ru\/wp-json\/wp\/v2\/product"}],"about":[{"href":"http:\/\/wholesale.md\/ru\/wp-json\/wp\/v2\/types\/product"}],"version-history":[{"count":0,"href":"http:\/\/wholesale.md\/ru\/wp-json\/wp\/v2\/product\/19701\/revisions"}],"wp:featuredmedia":[{"embeddable":true,"href":"http:\/\/wholesale.md\/ru\/wp-json\/wp\/v2\/media\/19703"}],"wp:attachment":[{"href":"http:\/\/wholesale.md\/ru\/wp-json\/wp\/v2\/media?parent=19701"}],"wp:term":[{"taxonomy":"product_brand","embeddable":true,"href":"http:\/\/wholesale.md\/ru\/wp-json\/wp\/v2\/product_brand?post=19701"},{"taxonomy":"product_cat","embeddable":true,"href":"http:\/\/wholesale.md\/ru\/wp-json\/wp\/v2\/product_cat?post=19701"},{"taxonomy":"product_tag","embeddable":true,"href":"http:\/\/wholesale.md\/ru\/wp-json\/wp\/v2\/product_tag?post=19701"}],"curies":[{"name":"wp","href":"https:\/\/api.w.org\/{rel}","templated":true}]}}