{"id":19682,"date":"2022-01-13T00:00:00","date_gmt":"2022-01-13T00:00:00","guid":{"rendered":"https:\/\/wholesale.md\/index.php\/produs\/lifting-collagen-hair-foam\/"},"modified":"2024-07-08T11:40:23","modified_gmt":"2024-07-08T11:40:23","slug":"lifting-collagen-hair-foam","status":"publish","type":"product","link":"http:\/\/wholesale.md\/ru\/product\/lifting-collagen-hair-foam\/","title":{"rendered":"LIFTING COLLAGEN HAIR FOAM"},"content":{"rendered":"<p><strong>Spum\u0103 pentru stilizare a p\u0103rului cu colagen 100ml<\/strong><\/p>\n<p><strong>pH 3,5<\/strong><\/p>\n<p>Hidrateaz\u0103, \u00eent\u0103re\u0219te \u0219i ofer\u0103 protec\u021bie termic\u0103 p\u0103rului atunci c\u00e2nd acesta este expus la usc\u0103torul de p\u0103r sau plac\u0103, la temperaturi de p\u00e2n\u0103 la 200 \u00b0C. Nu lipe\u0219te p\u0103rul, dar va men\u021bine coafura timp de 24 de ore.<\/p>\n<p><strong>Ca styling \u0219i protec\u021bie termic\u0103<\/strong>. Se aplic\u0103 o por\u021bie mic\u0103 de spum\u0103 \u00een palm\u0103. Se aplic\u0103 uniform pe zona r\u0103d\u0103cinilor \u0219i se distribuie pe toat\u0103 lungimea p\u0103rului curat \u0219i umed. Se \u00eencepe aranjarea p\u0103rului cu usc\u0103torul de p\u0103r, apoi \u00een func\u021bie de preferin\u021be se pot folosi instrumente fierbin\u021bi care ajut\u0103 la coafarea firului de p\u0103r.<\/p>","protected":false},"excerpt":{"rendered":"<p>Spum\u0103 pentru stilizare a p\u0103rului cu colagen 100ml pH 3,5 Hidrateaz\u0103, \u00eent\u0103re\u0219te \u0219i ofer\u0103 protec\u021bie termic\u0103 p\u0103rului atunci c\u00e2nd acesta<\/p>","protected":false},"featured_media":19441,"template":"","meta":[],"product_brand":[],"product_cat":[72],"product_tag":[],"class_list":{"0":"post-19682","1":"product","2":"type-product","3":"status-publish","4":"has-post-thumbnail","6":"product_cat-ingrijirea-parului","8":"first","9":"outofstock","10":"purchasable","11":"product-type-simple"},"jetpack_sharing_enabled":true,"_links":{"self":[{"href":"http:\/\/wholesale.md\/ru\/wp-json\/wp\/v2\/product\/19682","targetHints":{"allow":["GET"]}}],"collection":[{"href":"http:\/\/wholesale.md\/ru\/wp-json\/wp\/v2\/product"}],"about":[{"href":"http:\/\/wholesale.md\/ru\/wp-json\/wp\/v2\/types\/product"}],"version-history":[{"count":0,"href":"http:\/\/wholesale.md\/ru\/wp-json\/wp\/v2\/product\/19682\/revisions"}],"wp:featuredmedia":[{"embeddable":true,"href":"http:\/\/wholesale.md\/ru\/wp-json\/wp\/v2\/media\/19441"}],"wp:attachment":[{"href":"http:\/\/wholesale.md\/ru\/wp-json\/wp\/v2\/media?parent=19682"}],"wp:term":[{"taxonomy":"product_brand","embeddable":true,"href":"http:\/\/wholesale.md\/ru\/wp-json\/wp\/v2\/product_brand?post=19682"},{"taxonomy":"product_cat","embeddable":true,"href":"http:\/\/wholesale.md\/ru\/wp-json\/wp\/v2\/product_cat?post=19682"},{"taxonomy":"product_tag","embeddable":true,"href":"http:\/\/wholesale.md\/ru\/wp-json\/wp\/v2\/product_tag?post=19682"}],"curies":[{"name":"wp","href":"https:\/\/api.w.org\/{rel}","templated":true}]}}