{"id":19674,"date":"2022-01-13T00:00:00","date_gmt":"2022-01-13T00:00:00","guid":{"rendered":"https:\/\/wholesale.md\/index.php\/produs\/5-oils-arganic-hair-serum\/"},"modified":"2024-07-08T11:40:43","modified_gmt":"2024-07-08T11:40:43","slug":"5-oils-arganic-hair-serum","status":"publish","type":"product","link":"http:\/\/wholesale.md\/ru\/product\/5-oils-arganic-hair-serum\/","title":{"rendered":"5 OILS ARGANIC HAIR SERUM"},"content":{"rendered":"<p><b>Ser pentru regenerarea p\u0103rului 5 Oils 125ml\u00a0<\/b><\/p>\n<p><span style=\"font-weight: 400;\">Hidrateaz\u0103 p\u0103rul pe toat\u0103 lungimea lui \u0219i previne apari\u021bia v\u00e2rfurilor despicate.<\/span><span style=\"font-weight: 400;\">Complexul de uleiuri: argan, migdale dulci, ricin, c\u0103tin\u0103 \u0219i ulei de m\u0103sline \u00eendep\u0103rteaz\u0103 deteriorarea, fragilitatea \u0219i porozitatea, ofer\u0103 protec\u021bie \u00eempotriva foto-\u00eemb\u0103tr\u00e2nirii.<\/span><br \/>\n<b><\/b><\/p>\n<p><b>\u0421\u043f\u043e\u0441\u043e\u0431 \u043f\u0440\u0438\u043c\u0435\u043d\u0435\u043d\u0438\u044f:<\/b><\/p>\n<p><span style=\"font-weight: 400;\">Aplica\u021bi o cantitate mic\u0103 pe p\u0103rul sp\u0103lat \u0219i umed. Distribui\u021bi uniform pe lungimea \u0219i v\u00e2rfurile p\u0103rului.<\/span><\/p>","protected":false},"excerpt":{"rendered":"<p>Ser pentru regenerarea p\u0103rului<\/p>","protected":false},"featured_media":19439,"template":"","meta":[],"product_brand":[],"product_cat":[72,1499,1498],"product_tag":[],"class_list":{"0":"post-19674","1":"product","2":"type-product","3":"status-publish","4":"has-post-thumbnail","6":"product_cat-ingrijirea-parului","7":"product_cat-styling","8":"product_cat-ulei-si-vitamine","10":"first","11":"instock","12":"purchasable","13":"product-type-simple"},"jetpack_sharing_enabled":true,"_links":{"self":[{"href":"http:\/\/wholesale.md\/ru\/wp-json\/wp\/v2\/product\/19674","targetHints":{"allow":["GET"]}}],"collection":[{"href":"http:\/\/wholesale.md\/ru\/wp-json\/wp\/v2\/product"}],"about":[{"href":"http:\/\/wholesale.md\/ru\/wp-json\/wp\/v2\/types\/product"}],"version-history":[{"count":0,"href":"http:\/\/wholesale.md\/ru\/wp-json\/wp\/v2\/product\/19674\/revisions"}],"wp:featuredmedia":[{"embeddable":true,"href":"http:\/\/wholesale.md\/ru\/wp-json\/wp\/v2\/media\/19439"}],"wp:attachment":[{"href":"http:\/\/wholesale.md\/ru\/wp-json\/wp\/v2\/media?parent=19674"}],"wp:term":[{"taxonomy":"product_brand","embeddable":true,"href":"http:\/\/wholesale.md\/ru\/wp-json\/wp\/v2\/product_brand?post=19674"},{"taxonomy":"product_cat","embeddable":true,"href":"http:\/\/wholesale.md\/ru\/wp-json\/wp\/v2\/product_cat?post=19674"},{"taxonomy":"product_tag","embeddable":true,"href":"http:\/\/wholesale.md\/ru\/wp-json\/wp\/v2\/product_tag?post=19674"}],"curies":[{"name":"wp","href":"https:\/\/api.w.org\/{rel}","templated":true}]}}