{"id":19668,"date":"2022-01-13T00:00:00","date_gmt":"2022-01-13T00:00:00","guid":{"rendered":"https:\/\/wholesale.md\/index.php\/produs\/5-oils-arganic-hair-balm-2\/"},"modified":"2024-06-19T16:31:55","modified_gmt":"2024-06-19T16:31:55","slug":"5-oils-arganic-hair-balm-2","status":"publish","type":"product","link":"http:\/\/wholesale.md\/ru\/product\/5-oils-arganic-hair-balm-2\/","title":{"rendered":"5 OILS ARGANIC HAIR BALM"},"content":{"rendered":"<p>Balsam regenerant de p\u0103r cu argan cu 5 uleiuri 970ml<\/p>\n<p>pH 4,5<\/p>\n<p>Un balsam moale, hr\u0103nitor, netezitor pentru p\u0103rul uscat, deteriorat \u0219i poros. Un \u00eentreg complex de uleiuri incluse \u00een compozi\u021bie reface \u0219i umple structura p\u0103rului. Sistemul patentat SilPLEX\u00ae elimin\u0103 deteriorarea, ruperea \u0219i porozitatea p\u0103rului. Uleiul de argan, uleiul de ricin \u0219i vitamina PP accelereaz\u0103 cre\u0219terea p\u0103rului \u0219i regenereaz\u0103 scalpul. Balsamul ofer\u0103 str\u0103lucire luxoas\u0103, elasticitate \u0219i m\u0103t\u0103sos datorit\u0103 uleiurilor de m\u0103sline, migdale \u0219i jojoba. Pantenolul calmeaza si hidrateaza scalpul. Potrivit pentru utilizare zilnic\u0103 \u0219i aplicare pe scalp.<\/p>","protected":false},"excerpt":{"rendered":"<p>Balsam regenerant de p\u0103r cu argan cu 5 uleiuri 970ml<\/p>","protected":false},"featured_media":19425,"template":"","meta":[],"product_brand":[],"product_cat":[1497,72],"product_tag":[],"class_list":{"0":"post-19668","1":"product","2":"type-product","3":"status-publish","4":"has-post-thumbnail","6":"product_cat-balsamuri-de-par","7":"product_cat-ingrijirea-parului","9":"first","10":"instock","11":"purchasable","12":"product-type-simple"},"jetpack_sharing_enabled":true,"_links":{"self":[{"href":"http:\/\/wholesale.md\/ru\/wp-json\/wp\/v2\/product\/19668","targetHints":{"allow":["GET"]}}],"collection":[{"href":"http:\/\/wholesale.md\/ru\/wp-json\/wp\/v2\/product"}],"about":[{"href":"http:\/\/wholesale.md\/ru\/wp-json\/wp\/v2\/types\/product"}],"version-history":[{"count":0,"href":"http:\/\/wholesale.md\/ru\/wp-json\/wp\/v2\/product\/19668\/revisions"}],"wp:featuredmedia":[{"embeddable":true,"href":"http:\/\/wholesale.md\/ru\/wp-json\/wp\/v2\/media\/19425"}],"wp:attachment":[{"href":"http:\/\/wholesale.md\/ru\/wp-json\/wp\/v2\/media?parent=19668"}],"wp:term":[{"taxonomy":"product_brand","embeddable":true,"href":"http:\/\/wholesale.md\/ru\/wp-json\/wp\/v2\/product_brand?post=19668"},{"taxonomy":"product_cat","embeddable":true,"href":"http:\/\/wholesale.md\/ru\/wp-json\/wp\/v2\/product_cat?post=19668"},{"taxonomy":"product_tag","embeddable":true,"href":"http:\/\/wholesale.md\/ru\/wp-json\/wp\/v2\/product_tag?post=19668"}],"curies":[{"name":"wp","href":"https:\/\/api.w.org\/{rel}","templated":true}]}}