{"id":19581,"date":"2022-01-13T00:00:00","date_gmt":"2022-01-13T00:00:00","guid":{"rendered":"https:\/\/wholesale.md\/index.php\/produs\/elixir-vital-hair-revitalization\/"},"modified":"2024-12-13T14:37:28","modified_gmt":"2024-12-13T14:37:28","slug":"elixir-vital-hair-revitalization","status":"publish","type":"product","link":"http:\/\/wholesale.md\/ru\/product\/elixir-vital-hair-revitalization\/","title":{"rendered":"ELIXIR VITAL \u2013 HAIR REVITALIZATION"},"content":{"rendered":"<p>Elixir miraculos, ac\u021biune instantanee \u0219i cumulativ\u0103 330ml<\/p>\n<p>Un compozit miraculos de \u00eengrijire pe baz\u0103 de ulei de macadamia, ulei de semin\u021be de struguri, cheratina lichid\u0103 \u0219i complexul de laminare MERQUAT.P\u0103rul devine semnificativ mai bun cu fiecare colorare SPA, iar culoarea p\u0103rului devine mai str\u0103lucitoare \u0219i mai durabil\u0103.<\/p>\n<p>Aplica\u021bie:<\/p>\n<p>Ad\u0103uga\u021bi 5 ml la 50 g de colorant \u00een amestecul de colorare, amesteca\u021bi \u0219i \u00eencepe\u021bi colorarea.<\/p>\n<p>Ulei de macadamia \u2013 hidrateaz\u0103 p\u0103rul, restabile\u0219te substan\u021ba intercelular\u0103, reconstruie\u0219te structura p\u0103rului la nivelul medularei.<\/p>\n<p>Keratin\u0103 lichid\u0103 &#8211; compactarea \u0219i refacerea zonelor deteriorate ale cortexului p\u0103rului. Ulei din samburi de struguri &#8211; asigura patrunderea moale a pigmentului si durabilitatea culorii datorita tocoferolului.<\/p>\n<p>Merquat 2 este un balsam de polimer de nou\u0103 genera\u021bie, realizat din r\u0103\u0219in\u0103 de ar\u021bar canadian, pentru o eficien\u021b\u0103 \u0219i mai mare de laminare \u0219i durabilitate pe p\u0103rul vopsit anterior.<\/p>","protected":false},"excerpt":{"rendered":"<p>Elixir miraculos, ac\u021biune instantanee \u0219i cumulativ\u0103 330ml<\/p>","protected":false},"featured_media":19583,"template":"","meta":[],"product_brand":[],"product_cat":[72,1498],"product_tag":[],"class_list":{"0":"post-19581","1":"product","2":"type-product","3":"status-publish","4":"has-post-thumbnail","6":"product_cat-ingrijirea-parului","7":"product_cat-ulei-si-vitamine","9":"first","10":"instock","11":"purchasable","12":"product-type-simple"},"jetpack_sharing_enabled":true,"_links":{"self":[{"href":"http:\/\/wholesale.md\/ru\/wp-json\/wp\/v2\/product\/19581","targetHints":{"allow":["GET"]}}],"collection":[{"href":"http:\/\/wholesale.md\/ru\/wp-json\/wp\/v2\/product"}],"about":[{"href":"http:\/\/wholesale.md\/ru\/wp-json\/wp\/v2\/types\/product"}],"version-history":[{"count":0,"href":"http:\/\/wholesale.md\/ru\/wp-json\/wp\/v2\/product\/19581\/revisions"}],"wp:featuredmedia":[{"embeddable":true,"href":"http:\/\/wholesale.md\/ru\/wp-json\/wp\/v2\/media\/19583"}],"wp:attachment":[{"href":"http:\/\/wholesale.md\/ru\/wp-json\/wp\/v2\/media?parent=19581"}],"wp:term":[{"taxonomy":"product_brand","embeddable":true,"href":"http:\/\/wholesale.md\/ru\/wp-json\/wp\/v2\/product_brand?post=19581"},{"taxonomy":"product_cat","embeddable":true,"href":"http:\/\/wholesale.md\/ru\/wp-json\/wp\/v2\/product_cat?post=19581"},{"taxonomy":"product_tag","embeddable":true,"href":"http:\/\/wholesale.md\/ru\/wp-json\/wp\/v2\/product_tag?post=19581"}],"curies":[{"name":"wp","href":"https:\/\/api.w.org\/{rel}","templated":true}]}}