{"id":19481,"date":"2022-01-12T00:00:00","date_gmt":"2022-01-12T00:00:00","guid":{"rendered":"https:\/\/wholesale.md\/index.php\/produs\/rejuvenating-face-cream\/"},"modified":"2024-06-20T15:09:33","modified_gmt":"2024-06-20T15:09:33","slug":"rejuvenating-face-cream","status":"publish","type":"product","link":"http:\/\/wholesale.md\/ru\/product\/rejuvenating-face-cream\/","title":{"rendered":"REJUVENATING FACE CREAM"},"content":{"rendered":"<p><strong>Crem\u0103 de fa\u021b\u0103 anti-\u00eemb\u0103tr\u00e2nire 75ml<\/strong><\/p>\n<p>Colagenul \u0219i acidul hialuronic care stau la baza cremei contribuie la reducerea aparent\u0103 a ridurilor pe zona fe\u021bei \u0219i ochilor. Complexul de minerale <strong>SEPITONIC \u2122 M3<\/strong>\u00a0promoveaz\u0103 detoxifierea pielii \u0219i activeaz\u0103 metabolismul celular. Complexul de vitamine<strong>\u00a0E, C, F, D-Panthenol<\/strong>, ulei de \u0219ofran \u0219i migdale \u2013 hidrataeaz\u0103 \u0219i restaureaz\u0103 pielea iar cofeina ofer\u0103 tonului energie.<\/p>","protected":false},"excerpt":{"rendered":"<p>Crem\u0103 pentru reducerea aparen\u021bei ridurilor pe zona fe\u021bei<\/p>","protected":false},"featured_media":19457,"template":"","meta":[],"product_brand":[],"product_cat":[543],"product_tag":[],"class_list":{"0":"post-19481","1":"product","2":"type-product","3":"status-publish","4":"has-post-thumbnail","6":"product_cat-produse-pentru-barbati","8":"first","9":"instock","10":"purchasable","11":"product-type-simple"},"jetpack_sharing_enabled":true,"_links":{"self":[{"href":"http:\/\/wholesale.md\/ru\/wp-json\/wp\/v2\/product\/19481","targetHints":{"allow":["GET"]}}],"collection":[{"href":"http:\/\/wholesale.md\/ru\/wp-json\/wp\/v2\/product"}],"about":[{"href":"http:\/\/wholesale.md\/ru\/wp-json\/wp\/v2\/types\/product"}],"version-history":[{"count":0,"href":"http:\/\/wholesale.md\/ru\/wp-json\/wp\/v2\/product\/19481\/revisions"}],"wp:featuredmedia":[{"embeddable":true,"href":"http:\/\/wholesale.md\/ru\/wp-json\/wp\/v2\/media\/19457"}],"wp:attachment":[{"href":"http:\/\/wholesale.md\/ru\/wp-json\/wp\/v2\/media?parent=19481"}],"wp:term":[{"taxonomy":"product_brand","embeddable":true,"href":"http:\/\/wholesale.md\/ru\/wp-json\/wp\/v2\/product_brand?post=19481"},{"taxonomy":"product_cat","embeddable":true,"href":"http:\/\/wholesale.md\/ru\/wp-json\/wp\/v2\/product_cat?post=19481"},{"taxonomy":"product_tag","embeddable":true,"href":"http:\/\/wholesale.md\/ru\/wp-json\/wp\/v2\/product_tag?post=19481"}],"curies":[{"name":"wp","href":"https:\/\/api.w.org\/{rel}","templated":true}]}}