{"id":19414,"date":"2022-01-12T00:00:00","date_gmt":"2022-01-12T00:00:00","guid":{"rendered":"https:\/\/wholesale.md\/index.php\/produs\/aftershave-lotion\/"},"modified":"2024-06-20T15:10:17","modified_gmt":"2024-06-20T15:10:17","slug":"aftershave-lotion","status":"publish","type":"product","link":"http:\/\/wholesale.md\/ru\/product\/aftershave-lotion\/","title":{"rendered":"AFTERSHAVE LOTION"},"content":{"rendered":"<p><strong>Lo\u021biune dup\u0103 b\u0103rbierit rozmarin \u0219i ardei iute 120ml<\/strong><\/p>\n<p><span style=\"font-weight: 400;\">Formula cu ac\u021biune dubl\u0103 \u00eenc\u0103lze\u0219te \u0219i calmeaz\u0103 pielea dup\u0103 b\u0103rbierit. Complexul de vitamine <\/span><b>E, C, F <\/b><span style=\"font-weight: 400;\">\u0219i ardei iute stimuleaz\u0103 \u0219i tonific\u0103 pielea. Rozmarin, hamamelis, sumac, brusture \u0219i mentol \u2013 hidrateaz\u0103 \u0219i calmeaz\u0103 pielea.<\/span><\/p>\n<p><b>Mod de utilizare :<\/b><\/p>\n<p><span style=\"font-weight: 400;\">Aplica\u021bi dup\u0103 b\u0103rbierit, evit\u00e2nd zona \u00een jurul ochilor.\u00a0<\/span><\/p>","protected":false},"excerpt":{"rendered":"<p>Lo\u021biune dup\u0103 b\u0103rbierit cu efect calmant a pielii<\/p>","protected":false},"featured_media":19416,"template":"","meta":[],"product_brand":[],"product_cat":[543],"product_tag":[],"class_list":{"0":"post-19414","1":"product","2":"type-product","3":"status-publish","4":"has-post-thumbnail","6":"product_cat-produse-pentru-barbati","8":"first","9":"instock","10":"purchasable","11":"product-type-simple"},"jetpack_sharing_enabled":true,"_links":{"self":[{"href":"http:\/\/wholesale.md\/ru\/wp-json\/wp\/v2\/product\/19414","targetHints":{"allow":["GET"]}}],"collection":[{"href":"http:\/\/wholesale.md\/ru\/wp-json\/wp\/v2\/product"}],"about":[{"href":"http:\/\/wholesale.md\/ru\/wp-json\/wp\/v2\/types\/product"}],"version-history":[{"count":0,"href":"http:\/\/wholesale.md\/ru\/wp-json\/wp\/v2\/product\/19414\/revisions"}],"wp:featuredmedia":[{"embeddable":true,"href":"http:\/\/wholesale.md\/ru\/wp-json\/wp\/v2\/media\/19416"}],"wp:attachment":[{"href":"http:\/\/wholesale.md\/ru\/wp-json\/wp\/v2\/media?parent=19414"}],"wp:term":[{"taxonomy":"product_brand","embeddable":true,"href":"http:\/\/wholesale.md\/ru\/wp-json\/wp\/v2\/product_brand?post=19414"},{"taxonomy":"product_cat","embeddable":true,"href":"http:\/\/wholesale.md\/ru\/wp-json\/wp\/v2\/product_cat?post=19414"},{"taxonomy":"product_tag","embeddable":true,"href":"http:\/\/wholesale.md\/ru\/wp-json\/wp\/v2\/product_tag?post=19414"}],"curies":[{"name":"wp","href":"https:\/\/api.w.org\/{rel}","templated":true}]}}