{"id":19402,"date":"2022-01-12T00:00:00","date_gmt":"2022-01-12T00:00:00","guid":{"rendered":"https:\/\/wholesale.md\/index.php\/produs\/energy-shampoo\/"},"modified":"2024-06-20T15:43:16","modified_gmt":"2024-06-20T15:43:16","slug":"energy-shampoo","status":"publish","type":"product","link":"http:\/\/wholesale.md\/ru\/product\/energy-shampoo\/","title":{"rendered":"ENERGY SHAMPOO"},"content":{"rendered":"<p><strong>\u0218ampon stimulator ardei iute cofein\u0103 \u0219i hamei 260ml<\/strong><\/p>\n<p><span style=\"font-weight: 400;\">\u0218ampon ce stimuleaz\u0103 cre\u0219terea p\u0103rului, ofer\u0103 volum firelor, previne \u0219i reduce c\u0103derea p\u0103rului. Produs f\u0103r\u0103 sulfa\u021bi ce con\u021bine hamei \u0219i <\/span><b>PHYTOCHEM HAIR LOSS SP\u00ae<\/b><span style=\"font-weight: 400;\"> pentru \u00eent\u0103rirea general\u0103 a p\u0103rului. Complexul con\u021bine : <\/span><b>Vitamina E, D-Panthenol, Biotin (Vitamina B7), Vitamina B6 \u0219i Zinc Chloride. <\/b><span style=\"font-weight: 400;\">Ardeiul ro\u0219u, cofeina \u0219i chinina stimuleaz\u0103 circula\u021bia s\u00e2ngelui \u0219i cre\u0219terea p\u0103rului.\u00a0<\/span><\/p>\n<p><b>\u0421\u043f\u043e\u0441\u043e\u0431 \u043f\u0440\u0438\u043c\u0435\u043d\u0435\u043d\u0438\u044f:<\/b><\/p>\n<p><span style=\"font-weight: 400;\">Aplica\u021bi produsul pe corpul \u0219i p\u0103rul umed. Masa\u021bi, l\u0103sa\u021bi timp de 2 minute \u0219i cl\u0103ti\u021bi.\u00a0<\/span><\/p>","protected":false},"excerpt":{"rendered":"<p>\u0218ampon pentru stimularea cre\u0219terii p\u0103rului<\/p>","protected":false},"featured_media":19404,"template":"","meta":[],"product_brand":[],"product_cat":[543],"product_tag":[],"class_list":{"0":"post-19402","1":"product","2":"type-product","3":"status-publish","4":"has-post-thumbnail","6":"product_cat-produse-pentru-barbati","8":"first","9":"instock","10":"purchasable","11":"product-type-simple"},"jetpack_sharing_enabled":true,"_links":{"self":[{"href":"http:\/\/wholesale.md\/ru\/wp-json\/wp\/v2\/product\/19402","targetHints":{"allow":["GET"]}}],"collection":[{"href":"http:\/\/wholesale.md\/ru\/wp-json\/wp\/v2\/product"}],"about":[{"href":"http:\/\/wholesale.md\/ru\/wp-json\/wp\/v2\/types\/product"}],"version-history":[{"count":0,"href":"http:\/\/wholesale.md\/ru\/wp-json\/wp\/v2\/product\/19402\/revisions"}],"wp:featuredmedia":[{"embeddable":true,"href":"http:\/\/wholesale.md\/ru\/wp-json\/wp\/v2\/media\/19404"}],"wp:attachment":[{"href":"http:\/\/wholesale.md\/ru\/wp-json\/wp\/v2\/media?parent=19402"}],"wp:term":[{"taxonomy":"product_brand","embeddable":true,"href":"http:\/\/wholesale.md\/ru\/wp-json\/wp\/v2\/product_brand?post=19402"},{"taxonomy":"product_cat","embeddable":true,"href":"http:\/\/wholesale.md\/ru\/wp-json\/wp\/v2\/product_cat?post=19402"},{"taxonomy":"product_tag","embeddable":true,"href":"http:\/\/wholesale.md\/ru\/wp-json\/wp\/v2\/product_tag?post=19402"}],"curies":[{"name":"wp","href":"https:\/\/api.w.org\/{rel}","templated":true}]}}