{"id":19396,"date":"2022-01-12T00:00:00","date_gmt":"2022-01-12T00:00:00","guid":{"rendered":"https:\/\/wholesale.md\/index.php\/produs\/lifting-collagen-shampoo\/"},"modified":"2024-06-20T15:44:15","modified_gmt":"2024-06-20T15:44:15","slug":"lifting-collagen-shampoo","status":"publish","type":"product","link":"http:\/\/wholesale.md\/ru\/product\/lifting-collagen-shampoo\/","title":{"rendered":"LIFTING COLLAGEN SHAMPOO"},"content":{"rendered":"<p><b>\u0218ampon pentru volumul p\u0103rului cu colagen 970ml<\/b><\/p>\n<p><b>pH 5,5\u00a0<\/b><\/p>\n<p><span style=\"font-weight: 400;\">\u0218ampon delicat, cu efect de lifting, pentru p\u0103r foarte deteriorat, ondulat, decolorat \u0219i ondulat chimic. Cur\u0103\u021b\u0103 u\u0219or \u0219i eficient p\u0103rul datorit\u0103 amestecului de surfactan\u021bi cu \u0219i f\u0103r\u0103 sulfa\u021bi.. Structureaz\u0103 ondularea \u0219i \u00eenl\u0103tur\u0103 porozitatea, creeaz\u0103 volum, hidrateaz\u0103, face p\u0103rul neted \u0219i elastic. Sistemul patentat <\/span><b>SilPLEX\u00ae<\/b><span style=\"font-weight: 400;\"> elimin\u0103 deteriorarea, fragilitatea \u0219i porozitatea p\u0103rului. Colagenul \u0219i trandafirul de Damasc au efecte antioxidante puternice. Uleiul de shea, macadamia, avocado, c\u0103tin\u0103 \u0219i palmier hidrateaz\u0103 \u0219i umple p\u0103rul. Calmeaz\u0103 \u0219i restabile\u0219te scalpul datorit\u0103 pantenolului, care face parte \u0219i el din compozi\u021bie. Potrivit pentru utilizare zilnic\u0103 \u0219i aplicare pe scalp.<\/span><\/p>\n<p><b>\u0421\u043f\u043e\u0441\u043e\u0431 \u043f\u0440\u0438\u043c\u0435\u043d\u0435\u043d\u0438\u044f: <\/b><\/p>\n<p><b>1. <\/b><b>Sp\u0103lare zilnic\u0103: <\/b>A se spuma \u0219amponul \u00een m\u00e2ini \u0219i a se aplica pe p\u0103rul umed din zona r\u0103d\u0103cinii, a se masa scalpul cu mi\u0219c\u0103ri circulare. A se distribui pe toat\u0103 lungimea p\u0103rului cu mi\u0219c\u0103ri de piept\u0103nare \u0219i a se men\u021bine timp de 2 minute. A se sp\u0103la cu ap\u0103 cald\u0103.<br \/>\n<strong>2. <\/strong><b>Sp\u0103lare terapeutic\u0103: <\/b>A se repeta sp\u0103larea \u0219i a se l\u0103sa spuma timp de 2 minute pe p\u0103r. A se sp\u0103la cu ap\u0103 cald\u0103. A se aplica balsam sau masc\u0103 de p\u0103r din seria<b> ROSE &amp; COLLAGEN ANTI-AGE.<\/b><\/p>","protected":false},"excerpt":{"rendered":"<p>\u0218ampon pentru volumul p\u0103rului cu colagen<\/p>","protected":false},"featured_media":19398,"template":"","meta":[],"product_brand":[],"product_cat":[72,1496],"product_tag":[],"class_list":{"0":"post-19396","1":"product","2":"type-product","3":"status-publish","4":"has-post-thumbnail","6":"product_cat-ingrijirea-parului","7":"product_cat-sampoane","9":"first","10":"instock","11":"purchasable","12":"product-type-simple"},"jetpack_sharing_enabled":true,"_links":{"self":[{"href":"http:\/\/wholesale.md\/ru\/wp-json\/wp\/v2\/product\/19396","targetHints":{"allow":["GET"]}}],"collection":[{"href":"http:\/\/wholesale.md\/ru\/wp-json\/wp\/v2\/product"}],"about":[{"href":"http:\/\/wholesale.md\/ru\/wp-json\/wp\/v2\/types\/product"}],"version-history":[{"count":0,"href":"http:\/\/wholesale.md\/ru\/wp-json\/wp\/v2\/product\/19396\/revisions"}],"wp:featuredmedia":[{"embeddable":true,"href":"http:\/\/wholesale.md\/ru\/wp-json\/wp\/v2\/media\/19398"}],"wp:attachment":[{"href":"http:\/\/wholesale.md\/ru\/wp-json\/wp\/v2\/media?parent=19396"}],"wp:term":[{"taxonomy":"product_brand","embeddable":true,"href":"http:\/\/wholesale.md\/ru\/wp-json\/wp\/v2\/product_brand?post=19396"},{"taxonomy":"product_cat","embeddable":true,"href":"http:\/\/wholesale.md\/ru\/wp-json\/wp\/v2\/product_cat?post=19396"},{"taxonomy":"product_tag","embeddable":true,"href":"http:\/\/wholesale.md\/ru\/wp-json\/wp\/v2\/product_tag?post=19396"}],"curies":[{"name":"wp","href":"https:\/\/api.w.org\/{rel}","templated":true}]}}