{"id":19375,"date":"1970-01-01T00:00:00","date_gmt":"1970-01-01T00:00:00","guid":{"rendered":"https:\/\/wholesale.md\/index.php\/produs\/cream-developer\/"},"modified":"2024-07-08T11:44:37","modified_gmt":"2024-07-08T11:44:37","slug":"repelente-mediskin-2","status":"publish","type":"product","link":"http:\/\/wholesale.md\/ru\/product\/repelente-mediskin-2\/","title":{"rendered":"Repelente MEDISKIN"},"content":{"rendered":"<p class=\"cvGsUA direction-ltr align-center para-style-body\"><span class=\"OYPEnA text-decoration-none text-strikethrough-none\">Repelente MEDISKIN DB pentru s\u0103n\u0103tate \u0219i siguran\u021b\u0103 \u00een natur\u0103<\/span><\/p>\n<p class=\"cvGsUA direction-ltr align-center para-style-body\"><span class=\"OYPEnA text-decoration-none text-strikethrough-none\">-Previn mu\u0219c\u0103turile de insecte.<\/span><\/p>\n<p class=\"cvGsUA direction-ltr align-center para-style-body\"><span class=\"OYPEnA text-decoration-none text-strikethrough-none\">&#8211; Cu ajutorul acestor produse, insectele sunt respinse, nu ucise.<\/span><\/p>\n<p class=\"cvGsUA direction-ltr align-center para-style-body\"><span class=\"OYPEnA text-decoration-none text-strikethrough-none\">&#8211; Repellen\u021bii \u00eempiedic\u0103 astfel de insecte s\u0103 aterizeze sau s\u0103 urce pe oameni: \u021b\u00e2n\u021bari, mu\u0219te, c\u0103pu\u0219e \u0219i purici.<\/span><\/p>","protected":false},"excerpt":{"rendered":"<p>Repelente MEDISKIN DB pentru s\u0103n\u0103tate \u0219i siguran\u021b\u0103 \u00een natur\u0103 -Previn mu\u0219c\u0103turile de insecte. &#8211; Cu ajutorul acestor produse, insectele sunt<\/p>","protected":false},"featured_media":20250,"template":"","meta":[],"product_brand":[],"product_cat":[273],"product_tag":[],"class_list":{"0":"post-19375","1":"product","2":"type-product","3":"status-publish","4":"has-post-thumbnail","6":"product_cat-ingrijire-corporala","8":"first","9":"instock","10":"purchasable","11":"product-type-simple"},"jetpack_sharing_enabled":true,"_links":{"self":[{"href":"http:\/\/wholesale.md\/ru\/wp-json\/wp\/v2\/product\/19375","targetHints":{"allow":["GET"]}}],"collection":[{"href":"http:\/\/wholesale.md\/ru\/wp-json\/wp\/v2\/product"}],"about":[{"href":"http:\/\/wholesale.md\/ru\/wp-json\/wp\/v2\/types\/product"}],"version-history":[{"count":0,"href":"http:\/\/wholesale.md\/ru\/wp-json\/wp\/v2\/product\/19375\/revisions"}],"wp:featuredmedia":[{"embeddable":true,"href":"http:\/\/wholesale.md\/ru\/wp-json\/wp\/v2\/media\/20250"}],"wp:attachment":[{"href":"http:\/\/wholesale.md\/ru\/wp-json\/wp\/v2\/media?parent=19375"}],"wp:term":[{"taxonomy":"product_brand","embeddable":true,"href":"http:\/\/wholesale.md\/ru\/wp-json\/wp\/v2\/product_brand?post=19375"},{"taxonomy":"product_cat","embeddable":true,"href":"http:\/\/wholesale.md\/ru\/wp-json\/wp\/v2\/product_cat?post=19375"},{"taxonomy":"product_tag","embeddable":true,"href":"http:\/\/wholesale.md\/ru\/wp-json\/wp\/v2\/product_tag?post=19375"}],"curies":[{"name":"wp","href":"https:\/\/api.w.org\/{rel}","templated":true}]}}