{"id":19354,"date":"2022-01-12T00:00:00","date_gmt":"2022-01-12T00:00:00","guid":{"rendered":"https:\/\/wholesale.md\/index.php\/produs\/5-oils-arganic-shampoo\/"},"modified":"2024-06-20T15:48:31","modified_gmt":"2024-06-20T15:48:31","slug":"5-oils-arganic-shampoo","status":"publish","type":"product","link":"http:\/\/wholesale.md\/ru\/product\/5-oils-arganic-shampoo\/","title":{"rendered":"5 OILS ARGANIC SHAMPOO"},"content":{"rendered":"<p><b>\u0218ampon pentru restaurarea p\u0103rului cu 5 uleiuri 970ml<\/b><\/p>\n<p><b>pH 5,5\u00a0<\/b><\/p>\n<p><span style=\"font-weight: 400;\">Un \u0219ampon moale, hr\u0103nitor, netezitor pentru p\u0103rul uscat, deteriorat, poros \u0219i pufos. Cur\u0103\u021b\u0103 u\u0219or \u0219i calitativ p\u0103rul datorit\u0103 amestecului de surfactan\u021bi cu \u0219i f\u0103r\u0103 sulfa\u021bi. \u00centregul complex de uleiuri incluse \u00een compozi\u021bie restaureaz\u0103 \u0219i completeaz\u0103 structura p\u0103rului. Sistemul brevetat <\/span><b>SilPLEX\u00ae<\/b><span style=\"font-weight: 400;\"> elimin\u0103 deteriorarea fragilitatea \u0219i porozitatea p\u0103rului. Uleiul de ricin, uleiul de Argan \u0219i <\/span><b>vitamina PP<\/b><span style=\"font-weight: 400;\"> accelereaz\u0103 cre\u0219terea p\u0103rului \u0219i regenereaz\u0103 scalpul. \u0218amponul ofer\u0103 o str\u0103lucire luxoas\u0103, elasticitate \u0219i face p\u0103rul m\u0103t\u0103sos datorit\u0103 uleiului de m\u0103sline, migdale \u0219i jojoba. Pantenolul calmeaz\u0103 \u0219i hidrateaz\u0103 scalpul. <\/span><span style=\"font-weight: 400;\">Potrivit pentru utilizarea zilnic\u0103 \u0219i aplicarea pe scalp.<\/span><\/p>\n<p><b>\u0421\u043f\u043e\u0441\u043e\u0431 \u043f\u0440\u0438\u043c\u0435\u043d\u0435\u043d\u0438\u044f:<\/b><\/p>\n<p><b>1. <\/b><b>Sp\u0103lare zilnic\u0103 <\/b>: Se spumeaz\u0103 \u0219amponul \u00een m\u00e2ini \u0219i se aplic\u0103 pe p\u0103rul umed din zona r\u0103d\u0103cinii. Se maseaz\u0103 scalpul cu mi\u0219c\u0103ri circulare. Se distribuie pe toat\u0103 lungimea p\u0103rului cu mi\u0219c\u0103ri de piept\u0103nare \u0219i se men\u021bine timp de 2 minute. Se spal\u0103 cu ap\u0103 cald\u0103.<br \/>\n<b>2. Sp\u0103lare terapeutic\u0103 <\/b><span style=\"font-weight: 400;\">: Se repet\u0103 sp\u0103larea \u0219i se las\u0103 spuma timp de 2 minute pe p\u0103r. Se spal\u0103 cu ap\u0103 cald\u0103 \u0219i se aplic\u0103 balsamul sau masca de p\u0103r din gama <\/span><b>ARGANIC REPAIR.<\/b><\/p>","protected":false},"excerpt":{"rendered":"<p>\u0218ampon pentru restaurarea p\u0103rului deteriorat<\/p>","protected":false},"featured_media":19356,"template":"","meta":[],"product_brand":[],"product_cat":[72,1496],"product_tag":[],"class_list":{"0":"post-19354","1":"product","2":"type-product","3":"status-publish","4":"has-post-thumbnail","6":"product_cat-ingrijirea-parului","7":"product_cat-sampoane","9":"first","10":"instock","11":"purchasable","12":"product-type-simple"},"jetpack_sharing_enabled":true,"_links":{"self":[{"href":"http:\/\/wholesale.md\/ru\/wp-json\/wp\/v2\/product\/19354","targetHints":{"allow":["GET"]}}],"collection":[{"href":"http:\/\/wholesale.md\/ru\/wp-json\/wp\/v2\/product"}],"about":[{"href":"http:\/\/wholesale.md\/ru\/wp-json\/wp\/v2\/types\/product"}],"version-history":[{"count":0,"href":"http:\/\/wholesale.md\/ru\/wp-json\/wp\/v2\/product\/19354\/revisions"}],"wp:featuredmedia":[{"embeddable":true,"href":"http:\/\/wholesale.md\/ru\/wp-json\/wp\/v2\/media\/19356"}],"wp:attachment":[{"href":"http:\/\/wholesale.md\/ru\/wp-json\/wp\/v2\/media?parent=19354"}],"wp:term":[{"taxonomy":"product_brand","embeddable":true,"href":"http:\/\/wholesale.md\/ru\/wp-json\/wp\/v2\/product_brand?post=19354"},{"taxonomy":"product_cat","embeddable":true,"href":"http:\/\/wholesale.md\/ru\/wp-json\/wp\/v2\/product_cat?post=19354"},{"taxonomy":"product_tag","embeddable":true,"href":"http:\/\/wholesale.md\/ru\/wp-json\/wp\/v2\/product_tag?post=19354"}],"curies":[{"name":"wp","href":"https:\/\/api.w.org\/{rel}","templated":true}]}}