{"id":19351,"date":"2022-01-12T00:00:00","date_gmt":"2022-01-12T00:00:00","guid":{"rendered":"https:\/\/wholesale.md\/index.php\/produs\/5-oils-arganic-hair-balm\/"},"modified":"2024-06-20T15:48:01","modified_gmt":"2024-06-20T15:48:01","slug":"5-oils-arganic-hair-balm","status":"publish","type":"product","link":"http:\/\/wholesale.md\/ru\/product\/5-oils-arganic-hair-balm\/","title":{"rendered":"5 OILS ARGANIC HAIR BALM"},"content":{"rendered":"<p><b>Balsam pentru restaurarea p\u0103rului cu 5 uleiuri 970ml\u00a0<\/b><\/p>\n<p><b>pH 4,5<\/b><\/p>\n<p><span style=\"font-weight: 400;\">Balsam moale, hr\u0103nitor, neteze\u0219te p\u0103rul uscat, deteriorat \u0219i poros. Un \u00eentreg complex de uleiuri incluse \u00een compozi\u021bie restabile\u0219te \u0219i completeaz\u0103 structura p\u0103rului. Sistemul brevetat <\/span><b>SilPLEX\u00ae <\/b><span style=\"font-weight: 400;\">elimin\u0103 deteriorarea, fragilitatea \u0219i porozitatea p\u0103rului. Uleiul de Argan, uleiul de <\/span><span style=\"font-weight: 400;\">ricin \u0219i <\/span><b>vitamina PP<\/b><span style=\"font-weight: 400;\"> accelereaz\u0103 cre\u0219terea p\u0103rului \u0219i regenereaz\u0103 scalpul. Balsamul ofer\u0103 o str\u0103lucire aparte \u0219i face p\u0103rul m\u0103t\u0103sos datorit\u0103 uleiului de m\u0103sline, migdale \u0219i jojoba. Pantenolul calmeaz\u0103 \u0219i hidrateaz\u0103 scalpul. <\/span><span style=\"font-weight: 400;\">Potrivit pentru utilizarea zilnic\u0103 \u0219i aplicarea pe scalp.<\/span><\/p>\n<p><b>\u0421\u043f\u043e\u0441\u043e\u0431 \u043f\u0440\u0438\u043c\u0435\u043d\u0435\u043d\u0438\u044f:\u00a0<\/b><br \/>\n<span style=\"font-weight: 400;\">A se aplica pe p\u0103rul umed sp\u0103lat cu \u0219ampon. A se repartiza pe toat\u0103 lungimea p\u0103rului, a se piept\u0103na sau a se prelucra cu m\u00e2inile timp de 5 minute. A se sp\u0103la cu ap\u0103 rece.<\/span><b> A se aplica solu\u021bie de \u00eengrijire lavabil\u0103 sau nelavabil\u0103. A se aranja p\u0103rul.<\/b><\/p>","protected":false},"excerpt":{"rendered":"<p>Balsam pentru restaurarea p\u0103rului deteriorat<\/p>","protected":false},"featured_media":19353,"template":"","meta":[],"product_brand":[],"product_cat":[1497,72],"product_tag":[],"class_list":{"0":"post-19351","1":"product","2":"type-product","3":"status-publish","4":"has-post-thumbnail","6":"product_cat-balsamuri-de-par","7":"product_cat-ingrijirea-parului","9":"first","10":"instock","11":"purchasable","12":"product-type-simple"},"jetpack_sharing_enabled":true,"_links":{"self":[{"href":"http:\/\/wholesale.md\/ru\/wp-json\/wp\/v2\/product\/19351","targetHints":{"allow":["GET"]}}],"collection":[{"href":"http:\/\/wholesale.md\/ru\/wp-json\/wp\/v2\/product"}],"about":[{"href":"http:\/\/wholesale.md\/ru\/wp-json\/wp\/v2\/types\/product"}],"version-history":[{"count":0,"href":"http:\/\/wholesale.md\/ru\/wp-json\/wp\/v2\/product\/19351\/revisions"}],"wp:featuredmedia":[{"embeddable":true,"href":"http:\/\/wholesale.md\/ru\/wp-json\/wp\/v2\/media\/19353"}],"wp:attachment":[{"href":"http:\/\/wholesale.md\/ru\/wp-json\/wp\/v2\/media?parent=19351"}],"wp:term":[{"taxonomy":"product_brand","embeddable":true,"href":"http:\/\/wholesale.md\/ru\/wp-json\/wp\/v2\/product_brand?post=19351"},{"taxonomy":"product_cat","embeddable":true,"href":"http:\/\/wholesale.md\/ru\/wp-json\/wp\/v2\/product_cat?post=19351"},{"taxonomy":"product_tag","embeddable":true,"href":"http:\/\/wholesale.md\/ru\/wp-json\/wp\/v2\/product_tag?post=19351"}],"curies":[{"name":"wp","href":"https:\/\/api.w.org\/{rel}","templated":true}]}}