{"id":19330,"date":"2022-01-12T00:00:00","date_gmt":"2022-01-12T00:00:00","guid":{"rendered":"https:\/\/wholesale.md\/index.php\/produs\/shaving-foam\/"},"modified":"2024-12-13T07:23:11","modified_gmt":"2024-12-13T07:23:11","slug":"shaving-foam","status":"publish","type":"product","link":"http:\/\/wholesale.md\/ru\/product\/shaving-foam\/","title":{"rendered":"SHAVING FOAM"},"content":{"rendered":"<p><strong>Spum\u0103 de ras aloe \u0219i ceai verde 200ml<\/strong><\/p>\n<p>Ofer\u0103 b\u0103rbierit neted \u0219i sigur. Ceaiul verde \u0219i Aloe umezesc \u0219i reduc iritatea.<\/p>\n<p><strong>\u0421\u043f\u043e\u0441\u043e\u0431 \u043f\u0440\u0438\u043c\u0435\u043d\u0435\u043d\u0438\u044f:<\/strong><\/p>\n<p>Agita\u021bi flaconul. Aplica\u021bi spuma pe o fa\u021b\u0103 umed\u0103. Dup\u0103 ras cl\u0103ti\u021bi cu ap\u0103 c\u0103ldu\u021b\u0103. Aplica\u021bi produsele din seria<strong>\u00a0MEN\u2019S MASTER<\/strong>\u00a0dup\u0103 b\u0103rbierit.<\/p>","protected":false},"excerpt":{"rendered":"<p>Spum\u0103 de b\u0103rbierit pentru un efect neted \u0219i sigur<\/p>","protected":false},"featured_media":19332,"template":"","meta":[],"product_brand":[],"product_cat":[543],"product_tag":[],"class_list":{"0":"post-19330","1":"product","2":"type-product","3":"status-publish","4":"has-post-thumbnail","6":"product_cat-produse-pentru-barbati","8":"first","9":"instock","10":"purchasable","11":"product-type-simple"},"jetpack_sharing_enabled":true,"_links":{"self":[{"href":"http:\/\/wholesale.md\/ru\/wp-json\/wp\/v2\/product\/19330","targetHints":{"allow":["GET"]}}],"collection":[{"href":"http:\/\/wholesale.md\/ru\/wp-json\/wp\/v2\/product"}],"about":[{"href":"http:\/\/wholesale.md\/ru\/wp-json\/wp\/v2\/types\/product"}],"version-history":[{"count":0,"href":"http:\/\/wholesale.md\/ru\/wp-json\/wp\/v2\/product\/19330\/revisions"}],"wp:featuredmedia":[{"embeddable":true,"href":"http:\/\/wholesale.md\/ru\/wp-json\/wp\/v2\/media\/19332"}],"wp:attachment":[{"href":"http:\/\/wholesale.md\/ru\/wp-json\/wp\/v2\/media?parent=19330"}],"wp:term":[{"taxonomy":"product_brand","embeddable":true,"href":"http:\/\/wholesale.md\/ru\/wp-json\/wp\/v2\/product_brand?post=19330"},{"taxonomy":"product_cat","embeddable":true,"href":"http:\/\/wholesale.md\/ru\/wp-json\/wp\/v2\/product_cat?post=19330"},{"taxonomy":"product_tag","embeddable":true,"href":"http:\/\/wholesale.md\/ru\/wp-json\/wp\/v2\/product_tag?post=19330"}],"curies":[{"name":"wp","href":"https:\/\/api.w.org\/{rel}","templated":true}]}}