{"id":19324,"date":"2022-01-12T00:00:00","date_gmt":"2022-01-12T00:00:00","guid":{"rendered":"https:\/\/wholesale.md\/index.php\/produs\/3-phase-laminating-grape-chia\/"},"modified":"2024-06-20T16:06:12","modified_gmt":"2024-06-20T16:06:12","slug":"3-phase-laminating-grape-chia","status":"publish","type":"product","link":"http:\/\/wholesale.md\/ru\/product\/3-phase-laminating-grape-chia\/","title":{"rendered":"3 PHASE LAMINATING GRAPE &#038; CHIA"},"content":{"rendered":"<p><b>Spray de laminare \u00een 3 faze pentru protejarea p\u0103rului cu struguri \u0219i chia<\/b><\/p>\n<p><b>pH 4,0<\/b><\/p>\n<p><span style=\"font-weight: 400;\">\u00a0 \u00a0 \u00a0Ac\u021bioneaz\u0103 \u00eempotriva arsurilor, efectelor termice, daunelor chimice \u0219i fizice datorit\u0103 <\/span><b>GSP-T Complex\u00ae<\/b><span style=\"font-weight: 400;\"> \u0219i<\/span><b> CHIAPROTECT\u00ae<\/b><span style=\"font-weight: 400;\">. Sistemul brevetat <\/span><b>SilPLEX\u00ae<\/b><span style=\"font-weight: 400;\"> elimin\u0103 deteriorarea, fragilitatea \u0219i porozitatea p\u0103rului. Ofer\u0103 efecte antioxidante \u0219i creeaz\u0103 o pelicul\u0103 protectoare pe suprafa\u021ba p\u0103rului. Uleiul de ricin, uleiul de struguri, uleiul de chia \u0219i keratina hidrolizat\u0103 v\u0103 permit s\u0103 completa\u021bi \u0219i restabili\u021bi elasticitatea, densitatea p\u0103rului \u0219i s\u0103 crea\u021bi o str\u0103lucire de lux p\u0103rului.<\/span><\/p>\n<p><b>Mod de aplicare:<\/b><\/p>\n<p><span style=\"font-weight: 400;\">1<\/span><b>.Se agit\u0103 \u00eenainte de aplicare.<\/b><span style=\"font-weight: 400;\"> Se aplic\u0103 pe p\u0103rul umed \u0219i se distribuie pe toat\u0103 lungimea. Se piept\u0103n\u0103 sau se prelucreaz\u0103 cu m\u00e2inile, dup\u0103 care se \u00eencepe aranjarea p\u0103rului.<\/span><\/p>\n<p><span style=\"font-weight: 400;\">2.<\/span><b>Ca spray pentru str\u0103lucirea p\u0103rului \u0219i eliminarea staticii. <\/b><span style=\"font-weight: 400;\">Se aplic\u0103 o cantitate mic\u0103 pe p\u0103rul uscat. Este potrivit pentru aplicarea pe parcursul zilei.<\/span><\/p>","protected":false},"excerpt":{"rendered":"<p>Spray de laminare \u00een 3 faze pentru protec\u021bia culorii p\u0103rului vopsit \u0219i natural<\/p>","protected":false},"featured_media":19326,"template":"","meta":[],"product_brand":[],"product_cat":[72,1499],"product_tag":[],"class_list":{"0":"post-19324","1":"product","2":"type-product","3":"status-publish","4":"has-post-thumbnail","6":"product_cat-ingrijirea-parului","7":"product_cat-styling","9":"first","10":"instock","11":"purchasable","12":"product-type-simple"},"jetpack_sharing_enabled":true,"_links":{"self":[{"href":"http:\/\/wholesale.md\/ru\/wp-json\/wp\/v2\/product\/19324","targetHints":{"allow":["GET"]}}],"collection":[{"href":"http:\/\/wholesale.md\/ru\/wp-json\/wp\/v2\/product"}],"about":[{"href":"http:\/\/wholesale.md\/ru\/wp-json\/wp\/v2\/types\/product"}],"version-history":[{"count":0,"href":"http:\/\/wholesale.md\/ru\/wp-json\/wp\/v2\/product\/19324\/revisions"}],"wp:featuredmedia":[{"embeddable":true,"href":"http:\/\/wholesale.md\/ru\/wp-json\/wp\/v2\/media\/19326"}],"wp:attachment":[{"href":"http:\/\/wholesale.md\/ru\/wp-json\/wp\/v2\/media?parent=19324"}],"wp:term":[{"taxonomy":"product_brand","embeddable":true,"href":"http:\/\/wholesale.md\/ru\/wp-json\/wp\/v2\/product_brand?post=19324"},{"taxonomy":"product_cat","embeddable":true,"href":"http:\/\/wholesale.md\/ru\/wp-json\/wp\/v2\/product_cat?post=19324"},{"taxonomy":"product_tag","embeddable":true,"href":"http:\/\/wholesale.md\/ru\/wp-json\/wp\/v2\/product_tag?post=19324"}],"curies":[{"name":"wp","href":"https:\/\/api.w.org\/{rel}","templated":true}]}}