{"id":19288,"date":"2022-01-12T00:00:00","date_gmt":"2022-01-12T00:00:00","guid":{"rendered":"https:\/\/wholesale.md\/index.php\/produs\/restructure-shampoo\/"},"modified":"2024-06-19T16:50:36","modified_gmt":"2024-06-19T16:50:36","slug":"restructure-shampoo","status":"publish","type":"product","link":"http:\/\/wholesale.md\/ru\/product\/restructure-shampoo\/","title":{"rendered":"RESTRUCTURE SHAMPOO"},"content":{"rendered":"<p><b>\u0218ampon de restructurare cu keratin\u0103 970ml<\/b><\/p>\n<p><b>pH 5,5<\/b><\/p>\n<p><span style=\"font-weight: 400;\">Un \u0219ampon universal cu o textur\u0103 moale care ofer\u0103 densitate \u0219i volum. Este potrivit pentru utilizarea zilnic\u0103 \u0219i poate fi folosit de copii cu v\u00e2rsta +4 ani. Nu \u00eengreuneaz\u0103 p\u0103rul \u0219i prelunge\u0219te efectul oric\u0103ror proceduri profesionale. Cur\u0103\u021b\u0103 delicat f\u0103r\u0103 s\u0103 deschid\u0103 foliculul p\u0103rului. Potrivit pentru scalpul uscat \u0219i sensibil. Restabile\u0219te structura molecular\u0103 a proteinei p\u0103rului \u0219i o satureaz\u0103 cu keratin\u0103.<\/span><\/p>\n<p><b>Mod de aplicare:<\/b><\/p>\n<ol>\n<li style=\"list-style-type: none;\">\n<ol>\n<li><b><\/b> <b>Sp\u0103lare zilnic\u0103<\/b><span style=\"font-weight: 400;\">: Se spumeaz\u0103 \u0219amponul \u00een m\u00e2ini \u0219i se aplic\u0103 pe p\u0103rul umed. Se prelucreaz\u0103 scalpul cu mi\u0219c\u0103ri circulare. Se distribuie apoi pe toat\u0103 lungimea p\u0103rului \u0219i se las\u0103 timp de 2 minute. \u00cen final, se sp\u0103la cu ap\u0103 cald\u0103.<\/span><\/li>\n<li><b> Sp\u0103lare terapeutic\u0103<\/b><span style=\"font-weight: 400;\">: Se repet\u0103 procedura, l\u0103s\u00e2nd spuma timp de 2 minute. Se aplic\u0103 balsam sau masc\u0103 pentru p\u0103r din seria <\/span><b>RESTRUCTURE KERATIN<\/b><span style=\"font-weight: 400;\">.<\/span><\/li>\n<\/ol>\n<\/li>\n<\/ol>","protected":false},"excerpt":{"rendered":"<p>\u0218ampon pentru restabilirea structurii p\u0103rului cu keratin\u0103<\/p>","protected":false},"featured_media":19290,"template":"","meta":[],"product_brand":[],"product_cat":[72,1496],"product_tag":[],"class_list":{"0":"post-19288","1":"product","2":"type-product","3":"status-publish","4":"has-post-thumbnail","6":"product_cat-ingrijirea-parului","7":"product_cat-sampoane","9":"first","10":"instock","11":"purchasable","12":"product-type-simple"},"jetpack_sharing_enabled":true,"_links":{"self":[{"href":"http:\/\/wholesale.md\/ru\/wp-json\/wp\/v2\/product\/19288","targetHints":{"allow":["GET"]}}],"collection":[{"href":"http:\/\/wholesale.md\/ru\/wp-json\/wp\/v2\/product"}],"about":[{"href":"http:\/\/wholesale.md\/ru\/wp-json\/wp\/v2\/types\/product"}],"version-history":[{"count":0,"href":"http:\/\/wholesale.md\/ru\/wp-json\/wp\/v2\/product\/19288\/revisions"}],"wp:featuredmedia":[{"embeddable":true,"href":"http:\/\/wholesale.md\/ru\/wp-json\/wp\/v2\/media\/19290"}],"wp:attachment":[{"href":"http:\/\/wholesale.md\/ru\/wp-json\/wp\/v2\/media?parent=19288"}],"wp:term":[{"taxonomy":"product_brand","embeddable":true,"href":"http:\/\/wholesale.md\/ru\/wp-json\/wp\/v2\/product_brand?post=19288"},{"taxonomy":"product_cat","embeddable":true,"href":"http:\/\/wholesale.md\/ru\/wp-json\/wp\/v2\/product_cat?post=19288"},{"taxonomy":"product_tag","embeddable":true,"href":"http:\/\/wholesale.md\/ru\/wp-json\/wp\/v2\/product_tag?post=19288"}],"curies":[{"name":"wp","href":"https:\/\/api.w.org\/{rel}","templated":true}]}}