{"id":16706,"date":"2023-08-11T13:17:25","date_gmt":"2023-08-11T11:17:25","guid":{"rendered":"https:\/\/melanin.md\/?post_type=product&#038;p=16706"},"modified":"2024-09-20T08:59:41","modified_gmt":"2024-09-20T08:59:41","slug":"kholo-blue-violet-catalyzer-9","status":"publish","type":"product","link":"http:\/\/wholesale.md\/ru\/product\/kholo-blue-violet-catalyzer-9\/","title":{"rendered":"KHOLO Blue-Violet Catalyzer 9%"},"content":{"rendered":"<p>Oxidant stabilizat 33 vol. cu o textur\u0103 v\u00e2scoas\u0103 cremoas\u0103. Con\u021bine pigmen\u021bi speciali albastru-violet care sunt activa\u021bi atunci c\u00e2nd sunt amesteca\u021bi componentele vopselei alcaline ale agentului de albire. Activatorul este folosit \u00eempreun\u0103 cu produse pentru decolorare \u0219i decolorare sub form\u0103 de pudr\u0103 \u0219i crem\u0103, previne \u0219i elimin\u0103 tonurile galben portocalii nedorite, v\u0103 permite s\u0103 ob\u021bine\u021bi un blond pur pe p\u0103r \u00eentr-o singur\u0103 procedur\u0103. \u00cembog\u0103\u021bit cu uleiuri minerale \u0219i ingrediente protectoare care men\u021bin nivelul natural de umiditate \u00een p\u0103r \u0219i ac\u021bioneaz\u0103 u\u0219or asupra acestora, f\u0103r\u0103 a deteriora tija. Amestecarea cu orice vopsele \u0219i mijloace de albire este permis\u0103. Se sub\u021biaz\u0103 \u00een raportul specificat de produc\u0103torul vopselei sau albitorului utilizat.<\/p>\n<p><strong>ATENTIE<\/strong> : nu aplicati pe parul deja decolorat, deoarece Pigmentul albastru-violet poate da o nuan\u021b\u0103 albastr\u0103 la capete cu susceptibilitate crescut\u0103 la pigmen\u021bi.<\/p>","protected":false},"excerpt":{"rendered":"<p>Oxidant stabilizat 33 vol. cu o textur\u0103 v\u00e2scoas\u0103 cremoas\u0103. Con\u021bine pigmen\u021bi speciali albastru-violet care sunt activa\u021bi atunci c\u00e2nd sunt amesteca\u021bi<\/p>","protected":false},"featured_media":21887,"template":"","meta":[],"product_brand":[],"product_cat":[72,1505],"product_tag":[1488],"class_list":{"0":"post-16706","1":"product","2":"type-product","3":"status-publish","4":"has-post-thumbnail","6":"product_cat-ingrijirea-parului","7":"product_cat-vopsirea-parului","8":"product_tag-kholocolor","10":"first","11":"instock","12":"shipping-taxable","13":"purchasable","14":"product-type-simple"},"jetpack_sharing_enabled":true,"_links":{"self":[{"href":"http:\/\/wholesale.md\/ru\/wp-json\/wp\/v2\/product\/16706","targetHints":{"allow":["GET"]}}],"collection":[{"href":"http:\/\/wholesale.md\/ru\/wp-json\/wp\/v2\/product"}],"about":[{"href":"http:\/\/wholesale.md\/ru\/wp-json\/wp\/v2\/types\/product"}],"version-history":[{"count":0,"href":"http:\/\/wholesale.md\/ru\/wp-json\/wp\/v2\/product\/16706\/revisions"}],"wp:featuredmedia":[{"embeddable":true,"href":"http:\/\/wholesale.md\/ru\/wp-json\/wp\/v2\/media\/21887"}],"wp:attachment":[{"href":"http:\/\/wholesale.md\/ru\/wp-json\/wp\/v2\/media?parent=16706"}],"wp:term":[{"taxonomy":"product_brand","embeddable":true,"href":"http:\/\/wholesale.md\/ru\/wp-json\/wp\/v2\/product_brand?post=16706"},{"taxonomy":"product_cat","embeddable":true,"href":"http:\/\/wholesale.md\/ru\/wp-json\/wp\/v2\/product_cat?post=16706"},{"taxonomy":"product_tag","embeddable":true,"href":"http:\/\/wholesale.md\/ru\/wp-json\/wp\/v2\/product_tag?post=16706"}],"curies":[{"name":"wp","href":"https:\/\/api.w.org\/{rel}","templated":true}]}}